{"id":1375,"date":"2018-01-09T11:17:46","date_gmt":"2018-01-09T10:17:46","guid":{"rendered":"http:\/\/feuerwehr-oedheim.de\/Wordpress\/?page_id=1375"},"modified":"2019-01-08T14:39:20","modified_gmt":"2019-01-08T13:39:20","slug":"2018-2","status":"publish","type":"page","link":"https:\/\/feuerwehr-oedheim.de\/index.php\/einsaetze\/2018-2\/","title":{"rendered":"2018"},"content":{"rendered":"<div id=\"pl-1375\"  class=\"panel-layout\" ><div id=\"pg-1375-0\"  class=\"panel-grid panel-no-style\" ><div id=\"pgc-1375-0-0\"  class=\"panel-grid-cell\" ><div id=\"panel-1375-0-0-0\" class=\"so-panel widget widget_rpwe_widget rpwe_widget recent-posts-extended panel-first-child panel-last-child\" data-index=\"0\" ><div  class=\"rpwe-block\"><ul class=\"rpwe-ul\"><li class=\"rpwe-li rpwe-clearfix\"><a class=\"rpwe-img\" href=\"https:\/\/feuerwehr-oedheim.de\/index.php\/einsatzberichte\/26-brennende-feuerwerksbatterie\/\" target=\"_self\"><img class=\"rpwe-alignleft rpwe-thumb\" src=\"https:\/\/feuerwehr-oedheim.de\/wp-content\/uploads\/2018\/02\/Blanko-45x45.png\" alt=\"26 | Brennende Feuerwerksbatterie\" height=\"45\" width=\"45\" loading=\"lazy\" decoding=\"async\"><\/a><h3 class=\"rpwe-title\"><a href=\"https:\/\/feuerwehr-oedheim.de\/index.php\/einsatzberichte\/26-brennende-feuerwerksbatterie\/\" target=\"_self\">26 | Brennende Feuerwerksbatterie<\/a><\/h3><time class=\"rpwe-time published\" datetime=\"2018-12-31T22:48:00+02:00\">31. Dezember 2018<\/time><div class=\"rpwe-summary\">Eine nach dem Abbrennen unsachgem\u00e4\u00df gelagerte Feuerwerksbatterie &hellip;<a href=\"https:\/\/feuerwehr-oedheim.de\/index.php\/einsatzberichte\/26-brennende-feuerwerksbatterie\/\" class=\"more-link\">weiterlesen \u00bb<\/a><\/div><\/li><li class=\"rpwe-li rpwe-clearfix\"><a class=\"rpwe-img\" href=\"https:\/\/feuerwehr-oedheim.de\/index.php\/einsatzberichte\/25-brennende-heuballen\/\" target=\"_self\"><img class=\"rpwe-alignleft rpwe-thumb\" src=\"https:\/\/feuerwehr-oedheim.de\/wp-content\/uploads\/2018\/10\/FFD7284F-F572-4206-AFF8-8B6C01DAB00D-45x45.jpeg\" alt=\"25 | Brennende Heuballen\" height=\"45\" width=\"45\" loading=\"lazy\" decoding=\"async\"><\/a><h3 class=\"rpwe-title\"><a href=\"https:\/\/feuerwehr-oedheim.de\/index.php\/einsatzberichte\/25-brennende-heuballen\/\" target=\"_self\">25 | Brennende Heuballen<\/a><\/h3><time class=\"rpwe-time published\" datetime=\"2018-10-09T02:54:00+02:00\">9. Oktober 2018<\/time><div class=\"rpwe-summary\">Gegen 2:54Uhr wurde die Feuerwehr Oedheim zum &hellip;<a href=\"https:\/\/feuerwehr-oedheim.de\/index.php\/einsatzberichte\/25-brennende-heuballen\/\" class=\"more-link\">weiterlesen \u00bb<\/a><\/div><\/li><li class=\"rpwe-li rpwe-clearfix\"><a class=\"rpwe-img\" href=\"https:\/\/feuerwehr-oedheim.de\/index.php\/einsatzberichte\/24-pkw-brand\/\" target=\"_self\"><img class=\"rpwe-alignleft rpwe-thumb\" src=\"https:\/\/feuerwehr-oedheim.de\/wp-content\/uploads\/2018\/10\/3812F76F-DC27-4F7D-91C0-B9BA1A8A86AF-45x45.jpeg\" alt=\"24 | PKW Brand\" height=\"45\" width=\"45\" loading=\"lazy\" decoding=\"async\"><\/a><h3 class=\"rpwe-title\"><a href=\"https:\/\/feuerwehr-oedheim.de\/index.php\/einsatzberichte\/24-pkw-brand\/\" target=\"_self\">24 | PKW Brand<\/a><\/h3><time class=\"rpwe-time published\" datetime=\"2018-10-08T22:58:00+02:00\">8. Oktober 2018<\/time><div class=\"rpwe-summary\">Die Feuerwehr wurde zu einem PKW Brand &hellip;<a href=\"https:\/\/feuerwehr-oedheim.de\/index.php\/einsatzberichte\/24-pkw-brand\/\" class=\"more-link\">weiterlesen \u00bb<\/a><\/div><\/li><li class=\"rpwe-li rpwe-clearfix\"><a class=\"rpwe-img\" href=\"https:\/\/feuerwehr-oedheim.de\/index.php\/einsatzberichte\/23-windbruch\/\" target=\"_self\"><img class=\"rpwe-alignleft rpwe-thumb\" src=\"https:\/\/feuerwehr-oedheim.de\/wp-content\/uploads\/2018\/02\/Blanko-45x45.png\" alt=\"23 | Windbruch\" height=\"45\" width=\"45\" loading=\"lazy\" decoding=\"async\"><\/a><h3 class=\"rpwe-title\"><a href=\"https:\/\/feuerwehr-oedheim.de\/index.php\/einsatzberichte\/23-windbruch\/\" target=\"_self\">23 | Windbruch<\/a><\/h3><time class=\"rpwe-time published\" datetime=\"2018-09-23T18:51:00+02:00\">23. September 2018<\/time><div class=\"rpwe-summary\">Die Feuerwehr wurde zu einem Windbruch alarmiert. &hellip;<a href=\"https:\/\/feuerwehr-oedheim.de\/index.php\/einsatzberichte\/23-windbruch\/\" class=\"more-link\">weiterlesen \u00bb<\/a><\/div><\/li><li class=\"rpwe-li rpwe-clearfix\"><a class=\"rpwe-img\" href=\"https:\/\/feuerwehr-oedheim.de\/index.php\/einsatzberichte\/22-bma-objektalarm\/\" target=\"_self\"><img class=\"rpwe-alignleft rpwe-thumb\" src=\"https:\/\/feuerwehr-oedheim.de\/wp-content\/uploads\/2019\/06\/BMA-Bild-45x45.png\" alt=\"22 | BMA Objektalarm\" height=\"45\" width=\"45\" loading=\"lazy\" decoding=\"async\"><\/a><h3 class=\"rpwe-title\"><a href=\"https:\/\/feuerwehr-oedheim.de\/index.php\/einsatzberichte\/22-bma-objektalarm\/\" target=\"_self\">22 | BMA Objektalarm<\/a><\/h3><time class=\"rpwe-time published\" datetime=\"2018-09-21T00:09:00+02:00\">21. September 2018<\/time><div class=\"rpwe-summary\">Die Feuerwehr wurde zu einer ausgel\u00f6sten Brandmeldeanlage &hellip;<a href=\"https:\/\/feuerwehr-oedheim.de\/index.php\/einsatzberichte\/22-bma-objektalarm\/\" class=\"more-link\">weiterlesen \u00bb<\/a><\/div><\/li><li class=\"rpwe-li rpwe-clearfix\"><a class=\"rpwe-img\" href=\"https:\/\/feuerwehr-oedheim.de\/index.php\/einsatzberichte\/21-tuer-oeffnen-notfall\/\" target=\"_self\"><img class=\"rpwe-alignleft rpwe-thumb\" src=\"https:\/\/feuerwehr-oedheim.de\/wp-content\/uploads\/2019\/06\/T\u00fcr\u00f6ffnung-45x45.png\" alt=\"21 | T\u00fcr \u00f6ffnen Notfall\" height=\"45\" width=\"45\" loading=\"lazy\" decoding=\"async\"><\/a><h3 class=\"rpwe-title\"><a href=\"https:\/\/feuerwehr-oedheim.de\/index.php\/einsatzberichte\/21-tuer-oeffnen-notfall\/\" target=\"_self\">21 | T\u00fcr \u00f6ffnen Notfall<\/a><\/h3><time class=\"rpwe-time published\" datetime=\"2018-09-20T19:08:00+02:00\">20. September 2018<\/time><div class=\"rpwe-summary\">Die Feuerwehr wurde von der Leitstelle zu &hellip;<a href=\"https:\/\/feuerwehr-oedheim.de\/index.php\/einsatzberichte\/21-tuer-oeffnen-notfall\/\" class=\"more-link\">weiterlesen \u00bb<\/a><\/div><\/li><li class=\"rpwe-li rpwe-clearfix\"><a class=\"rpwe-img\" href=\"https:\/\/feuerwehr-oedheim.de\/index.php\/einsatzberichte\/20-bma-pflegeheim\/\" target=\"_self\"><img class=\"rpwe-alignleft rpwe-thumb\" src=\"https:\/\/feuerwehr-oedheim.de\/wp-content\/uploads\/2018\/02\/Blanko-45x45.png\" alt=\"20 | BMA Pflegeheim\" height=\"45\" width=\"45\" loading=\"lazy\" decoding=\"async\"><\/a><h3 class=\"rpwe-title\"><a href=\"https:\/\/feuerwehr-oedheim.de\/index.php\/einsatzberichte\/20-bma-pflegeheim\/\" target=\"_self\">20 | BMA Pflegeheim<\/a><\/h3><time class=\"rpwe-time published\" datetime=\"2018-08-10T02:17:00+02:00\">10. August 2018<\/time><div class=\"rpwe-summary\">Die Feuerwehr wurde von der Leitstelle zu &hellip;<a href=\"https:\/\/feuerwehr-oedheim.de\/index.php\/einsatzberichte\/20-bma-pflegeheim\/\" class=\"more-link\">weiterlesen \u00bb<\/a><\/div><\/li><li class=\"rpwe-li rpwe-clearfix\"><a class=\"rpwe-img\" href=\"https:\/\/feuerwehr-oedheim.de\/index.php\/einsatzberichte\/19-tuer-oeffnen-notfall\/\" target=\"_self\"><img class=\"rpwe-alignleft rpwe-thumb\" src=\"https:\/\/feuerwehr-oedheim.de\/wp-content\/uploads\/2019\/06\/T\u00fcr\u00f6ffnung-45x45.png\" alt=\"19 | T\u00fcr \u00f6ffnen &#8211; Notfall\" height=\"45\" width=\"45\" loading=\"lazy\" decoding=\"async\"><\/a><h3 class=\"rpwe-title\"><a href=\"https:\/\/feuerwehr-oedheim.de\/index.php\/einsatzberichte\/19-tuer-oeffnen-notfall\/\" target=\"_self\">19 | T\u00fcr \u00f6ffnen &#8211; Notfall<\/a><\/h3><time class=\"rpwe-time published\" datetime=\"2018-07-25T22:09:00+02:00\">25. Juli 2018<\/time><div class=\"rpwe-summary\">Die Feuerwehr wurde durch die ILS zu &hellip;<a href=\"https:\/\/feuerwehr-oedheim.de\/index.php\/einsatzberichte\/19-tuer-oeffnen-notfall\/\" class=\"more-link\">weiterlesen \u00bb<\/a><\/div><\/li><li class=\"rpwe-li rpwe-clearfix\"><a class=\"rpwe-img\" href=\"https:\/\/feuerwehr-oedheim.de\/index.php\/einsatzberichte\/18-tiernotlage\/\" target=\"_self\"><img class=\"rpwe-alignleft rpwe-thumb\" src=\"https:\/\/feuerwehr-oedheim.de\/wp-content\/uploads\/2018\/02\/Blanko-45x45.png\" alt=\"18 | Tiernotlage\" height=\"45\" width=\"45\" loading=\"lazy\" decoding=\"async\"><\/a><h3 class=\"rpwe-title\"><a href=\"https:\/\/feuerwehr-oedheim.de\/index.php\/einsatzberichte\/18-tiernotlage\/\" target=\"_self\">18 | Tiernotlage<\/a><\/h3><time class=\"rpwe-time published\" datetime=\"2018-07-10T09:28:00+02:00\">10. Juli 2018<\/time><div class=\"rpwe-summary\">Die Feuerwehr wurde durch die ILS zu &hellip;<a href=\"https:\/\/feuerwehr-oedheim.de\/index.php\/einsatzberichte\/18-tiernotlage\/\" class=\"more-link\">weiterlesen \u00bb<\/a><\/div><\/li><li class=\"rpwe-li rpwe-clearfix\"><a class=\"rpwe-img\" href=\"https:\/\/feuerwehr-oedheim.de\/index.php\/einsatzberichte\/17-oelspur\/\" target=\"_self\"><img class=\"rpwe-alignleft rpwe-thumb\" src=\"https:\/\/feuerwehr-oedheim.de\/wp-content\/uploads\/2018\/02\/Blanko-45x45.png\" alt=\"17 | \u00d6lspur\" height=\"45\" width=\"45\" loading=\"lazy\" decoding=\"async\"><\/a><h3 class=\"rpwe-title\"><a href=\"https:\/\/feuerwehr-oedheim.de\/index.php\/einsatzberichte\/17-oelspur\/\" target=\"_self\">17 | \u00d6lspur<\/a><\/h3><time class=\"rpwe-time published\" datetime=\"2018-06-26T19:51:00+02:00\">26. Juni 2018<\/time><div class=\"rpwe-summary\">Die Feuerwehr wurde durch die Leitstelle Heilbronn &hellip;<a href=\"https:\/\/feuerwehr-oedheim.de\/index.php\/einsatzberichte\/17-oelspur\/\" class=\"more-link\">weiterlesen \u00bb<\/a><\/div><\/li><li class=\"rpwe-li rpwe-clearfix\"><a class=\"rpwe-img\" href=\"https:\/\/feuerwehr-oedheim.de\/index.php\/einsatzberichte\/15-schwerer-verkehrsunfall-mit-einer-eingeklemmten-person\/\" target=\"_self\"><img class=\"rpwe-alignleft rpwe-thumb\" src=\"https:\/\/feuerwehr-oedheim.de\/wp-content\/uploads\/2018\/04\/08A37A10-A1C1-4E43-8B5A-1D9D19DE9A05-e1525087686396-45x45.jpeg\" alt=\"16 | Schwerer Verkehrsunfall mit einer eingeklemmten Person\" height=\"45\" width=\"45\" loading=\"lazy\" decoding=\"async\"><\/a><h3 class=\"rpwe-title\"><a href=\"https:\/\/feuerwehr-oedheim.de\/index.php\/einsatzberichte\/15-schwerer-verkehrsunfall-mit-einer-eingeklemmten-person\/\" target=\"_self\">16 | Schwerer Verkehrsunfall mit einer eingeklemmten Person<\/a><\/h3><time class=\"rpwe-time published\" datetime=\"2018-04-30T05:54:00+02:00\">30. April 2018<\/time><div class=\"rpwe-summary\">Mit dem Einsatzstichwort &#8220;Verkehrsunfall PKW &#8211; 1 &hellip;<a href=\"https:\/\/feuerwehr-oedheim.de\/index.php\/einsatzberichte\/15-schwerer-verkehrsunfall-mit-einer-eingeklemmten-person\/\" class=\"more-link\">weiterlesen \u00bb<\/a><\/div><\/li><li class=\"rpwe-li rpwe-clearfix\"><a class=\"rpwe-img\" href=\"https:\/\/feuerwehr-oedheim.de\/index.php\/einsatzberichte\/14-containerbrand\/\" target=\"_self\"><img class=\"rpwe-alignleft rpwe-thumb\" src=\"https:\/\/feuerwehr-oedheim.de\/wp-content\/uploads\/2018\/04\/5FAD427D-4911-455A-9F3D-8E8C98006DFF-45x45.jpeg\" alt=\"15 | Containerbrand\" height=\"45\" width=\"45\" loading=\"lazy\" decoding=\"async\"><\/a><h3 class=\"rpwe-title\"><a href=\"https:\/\/feuerwehr-oedheim.de\/index.php\/einsatzberichte\/14-containerbrand\/\" target=\"_self\">15 | Containerbrand<\/a><\/h3><time class=\"rpwe-time published\" datetime=\"2018-04-29T07:48:00+02:00\">29. April 2018<\/time><div class=\"rpwe-summary\">Die Feuerwehr Oedheim wurde am fr\u00fchen Sonntagmorgen &hellip;<a href=\"https:\/\/feuerwehr-oedheim.de\/index.php\/einsatzberichte\/14-containerbrand\/\" class=\"more-link\">weiterlesen \u00bb<\/a><\/div><\/li><li class=\"rpwe-li rpwe-clearfix\"><a class=\"rpwe-img\" href=\"https:\/\/feuerwehr-oedheim.de\/index.php\/einsatzberichte\/14-brandnachschau\/\" target=\"_self\"><img class=\"rpwe-alignleft rpwe-thumb\" src=\"https:\/\/feuerwehr-oedheim.de\/wp-content\/uploads\/2018\/02\/Blanko-45x45.png\" alt=\"14 | Brandnachschau\" height=\"45\" width=\"45\" loading=\"lazy\" decoding=\"async\"><\/a><h3 class=\"rpwe-title\"><a href=\"https:\/\/feuerwehr-oedheim.de\/index.php\/einsatzberichte\/14-brandnachschau\/\" target=\"_self\">14 | Brandnachschau<\/a><\/h3><time class=\"rpwe-time published\" datetime=\"2018-04-19T13:31:00+02:00\">19. April 2018<\/time><div class=\"rpwe-summary\">Die Feuerwehr Oedheim wurde zu einer Brandnachschau &hellip;<a href=\"https:\/\/feuerwehr-oedheim.de\/index.php\/einsatzberichte\/14-brandnachschau\/\" class=\"more-link\">weiterlesen \u00bb<\/a><\/div><\/li><li class=\"rpwe-li rpwe-clearfix\"><a class=\"rpwe-img\" href=\"https:\/\/feuerwehr-oedheim.de\/index.php\/einsatzberichte\/13-tuere-oeffnen-amtshilfe\/\" target=\"_self\"><img class=\"rpwe-alignleft rpwe-thumb\" src=\"https:\/\/feuerwehr-oedheim.de\/wp-content\/uploads\/2019\/06\/T\u00fcr\u00f6ffnung-45x45.png\" alt=\"13 | T\u00fcre \u00d6ffnen Amtshilfe\" height=\"45\" width=\"45\" loading=\"lazy\" decoding=\"async\"><\/a><h3 class=\"rpwe-title\"><a href=\"https:\/\/feuerwehr-oedheim.de\/index.php\/einsatzberichte\/13-tuere-oeffnen-amtshilfe\/\" target=\"_self\">13 | T\u00fcre \u00d6ffnen Amtshilfe<\/a><\/h3><time class=\"rpwe-time published\" datetime=\"2018-02-24T15:54:00+02:00\">24. Februar 2018<\/time><div class=\"rpwe-summary\">Die Feuerwehr Oedheim wurde telefonisch zur einer &hellip;<a href=\"https:\/\/feuerwehr-oedheim.de\/index.php\/einsatzberichte\/13-tuere-oeffnen-amtshilfe\/\" class=\"more-link\">weiterlesen \u00bb<\/a><\/div><\/li><li class=\"rpwe-li rpwe-clearfix\"><a class=\"rpwe-img\" href=\"https:\/\/feuerwehr-oedheim.de\/index.php\/einsatzberichte\/12-bma-pflegeheim\/\" target=\"_self\"><img class=\"rpwe-alignleft rpwe-thumb\" src=\"https:\/\/feuerwehr-oedheim.de\/wp-content\/uploads\/2018\/02\/Blanko-45x45.png\" alt=\"12 | BMA Pflegeheim\" height=\"45\" width=\"45\" loading=\"lazy\" decoding=\"async\"><\/a><h3 class=\"rpwe-title\"><a href=\"https:\/\/feuerwehr-oedheim.de\/index.php\/einsatzberichte\/12-bma-pflegeheim\/\" target=\"_self\">12 | BMA Pflegeheim<\/a><\/h3><time class=\"rpwe-time published\" datetime=\"2018-02-22T10:44:00+02:00\">22. Februar 2018<\/time><div class=\"rpwe-summary\">Die Feuerwehr wurde von der Leitstelle zu &hellip;<a href=\"https:\/\/feuerwehr-oedheim.de\/index.php\/einsatzberichte\/12-bma-pflegeheim\/\" class=\"more-link\">weiterlesen \u00bb<\/a><\/div><\/li><li class=\"rpwe-li rpwe-clearfix\"><a class=\"rpwe-img\" href=\"https:\/\/feuerwehr-oedheim.de\/index.php\/einsatzberichte\/11-essen-auf-herd\/\" target=\"_self\"><img class=\"rpwe-alignleft rpwe-thumb\" src=\"https:\/\/feuerwehr-oedheim.de\/wp-content\/uploads\/2018\/02\/C30D43E9-B0DC-4C53-BA6D-CAF4F1D8C2AA-45x45.jpeg\" alt=\"11 | Essen auf Herd\" height=\"45\" width=\"45\" loading=\"lazy\" decoding=\"async\"><\/a><h3 class=\"rpwe-title\"><a href=\"https:\/\/feuerwehr-oedheim.de\/index.php\/einsatzberichte\/11-essen-auf-herd\/\" target=\"_self\">11 | Essen auf Herd<\/a><\/h3><time class=\"rpwe-time published\" datetime=\"2018-02-21T20:02:00+02:00\">21. Februar 2018<\/time><div class=\"rpwe-summary\">Die Feuerwehr Oedheim wurde durch die Leitstelle &hellip;<a href=\"https:\/\/feuerwehr-oedheim.de\/index.php\/einsatzberichte\/11-essen-auf-herd\/\" class=\"more-link\">weiterlesen \u00bb<\/a><\/div><\/li><li class=\"rpwe-li rpwe-clearfix\"><a class=\"rpwe-img\" href=\"https:\/\/feuerwehr-oedheim.de\/index.php\/einsatzberichte\/10-oelspur\/\" target=\"_self\"><img class=\"rpwe-alignleft rpwe-thumb\" src=\"https:\/\/feuerwehr-oedheim.de\/wp-content\/uploads\/2018\/02\/Unbenannt2-45x45.png\" alt=\"10 | \u00d6lspur\" height=\"45\" width=\"45\" loading=\"lazy\" decoding=\"async\"><\/a><h3 class=\"rpwe-title\"><a href=\"https:\/\/feuerwehr-oedheim.de\/index.php\/einsatzberichte\/10-oelspur\/\" target=\"_self\">10 | \u00d6lspur<\/a><\/h3><time class=\"rpwe-time published\" datetime=\"2018-02-03T12:01:00+02:00\">3. Februar 2018<\/time><div class=\"rpwe-summary\">Die Feuerwehr Oedheim wurde zu einer gr\u00f6\u00dferen &hellip;<a href=\"https:\/\/feuerwehr-oedheim.de\/index.php\/einsatzberichte\/10-oelspur\/\" class=\"more-link\">weiterlesen \u00bb<\/a><\/div><\/li><li class=\"rpwe-li rpwe-clearfix\"><a class=\"rpwe-img\" href=\"https:\/\/feuerwehr-oedheim.de\/index.php\/einsatzberichte\/9-technische-hilfeleistung\/\" target=\"_self\"><img class=\"rpwe-alignleft rpwe-thumb\" src=\"https:\/\/feuerwehr-oedheim.de\/wp-content\/uploads\/2018\/02\/Blanko-45x45.png\" alt=\"9 | Technische Hilfeleistung\" height=\"45\" width=\"45\" loading=\"lazy\" decoding=\"async\"><\/a><h3 class=\"rpwe-title\"><a href=\"https:\/\/feuerwehr-oedheim.de\/index.php\/einsatzberichte\/9-technische-hilfeleistung\/\" target=\"_self\">9 | Technische Hilfeleistung<\/a><\/h3><time class=\"rpwe-time published\" datetime=\"2018-02-01T14:19:00+02:00\">1. Februar 2018<\/time><div class=\"rpwe-summary\">Die Feuerwehr Oedheim wurde zu einer technischen &hellip;<a href=\"https:\/\/feuerwehr-oedheim.de\/index.php\/einsatzberichte\/9-technische-hilfeleistung\/\" class=\"more-link\">weiterlesen \u00bb<\/a><\/div><\/li><li class=\"rpwe-li rpwe-clearfix\"><a class=\"rpwe-img\" href=\"https:\/\/feuerwehr-oedheim.de\/index.php\/einsatzberichte\/7-tuere-oeffnen-notfall\/\" target=\"_self\"><img class=\"rpwe-alignleft rpwe-thumb\" src=\"https:\/\/feuerwehr-oedheim.de\/wp-content\/uploads\/2019\/06\/T\u00fcr\u00f6ffnung-45x45.png\" alt=\"8 | T\u00fcre \u00d6ffnen (Notfall)\" height=\"45\" width=\"45\" loading=\"lazy\" decoding=\"async\"><\/a><h3 class=\"rpwe-title\"><a href=\"https:\/\/feuerwehr-oedheim.de\/index.php\/einsatzberichte\/7-tuere-oeffnen-notfall\/\" target=\"_self\">8 | T\u00fcre \u00d6ffnen (Notfall)<\/a><\/h3><time class=\"rpwe-time published\" datetime=\"2018-01-29T15:50:00+02:00\">29. Januar 2018<\/time><div class=\"rpwe-summary\">Die Feuerwehr Oedheim wurde telefonisch zu einer &hellip;<a href=\"https:\/\/feuerwehr-oedheim.de\/index.php\/einsatzberichte\/7-tuere-oeffnen-notfall\/\" class=\"more-link\">weiterlesen \u00bb<\/a><\/div><\/li><li class=\"rpwe-li rpwe-clearfix\"><a class=\"rpwe-img\" href=\"https:\/\/feuerwehr-oedheim.de\/index.php\/einsatzberichte\/6-katze-in-entwaesserungkanal\/\" target=\"_self\"><img class=\"rpwe-alignleft rpwe-thumb\" src=\"https:\/\/feuerwehr-oedheim.de\/wp-content\/uploads\/2018\/02\/Blanko-45x45.png\" alt=\"7 | Katze in Entw\u00e4sserungkanal\" height=\"45\" width=\"45\" loading=\"lazy\" decoding=\"async\"><\/a><h3 class=\"rpwe-title\"><a href=\"https:\/\/feuerwehr-oedheim.de\/index.php\/einsatzberichte\/6-katze-in-entwaesserungkanal\/\" target=\"_self\">7 | Katze in Entw\u00e4sserungkanal<\/a><\/h3><time class=\"rpwe-time published\" datetime=\"2018-01-28T19:51:00+02:00\">28. Januar 2018<\/time><div class=\"rpwe-summary\">Die Feuerwehr Oedheim wurde durch die Leitstelle &hellip;<a href=\"https:\/\/feuerwehr-oedheim.de\/index.php\/einsatzberichte\/6-katze-in-entwaesserungkanal\/\" class=\"more-link\">weiterlesen \u00bb<\/a><\/div><\/li><li class=\"rpwe-li rpwe-clearfix\"><a class=\"rpwe-img\" href=\"https:\/\/feuerwehr-oedheim.de\/index.php\/einsatzberichte\/6-wasserschaden-in-hallenbad\/\" target=\"_self\"><img class=\"rpwe-alignleft rpwe-thumb\" src=\"https:\/\/feuerwehr-oedheim.de\/wp-content\/uploads\/2018\/02\/Unbenannt-45x45.png\" alt=\"6 | Wasserschaden in Hallenbad\" height=\"45\" width=\"45\" loading=\"lazy\" decoding=\"async\"><\/a><h3 class=\"rpwe-title\"><a href=\"https:\/\/feuerwehr-oedheim.de\/index.php\/einsatzberichte\/6-wasserschaden-in-hallenbad\/\" target=\"_self\">6 | Wasserschaden in Hallenbad<\/a><\/h3><time class=\"rpwe-time published\" datetime=\"2018-01-05T19:40:00+02:00\">5. Januar 2018<\/time><div class=\"rpwe-summary\">Die Feuerwehr Oedheim wurde nachdem bereits einsatzreichen &hellip;<a href=\"https:\/\/feuerwehr-oedheim.de\/index.php\/einsatzberichte\/6-wasserschaden-in-hallenbad\/\" class=\"more-link\">weiterlesen \u00bb<\/a><\/div><\/li><li class=\"rpwe-li rpwe-clearfix\"><a class=\"rpwe-img\" href=\"https:\/\/feuerwehr-oedheim.de\/index.php\/einsatzberichte\/5-5-einsaetze-durch-hochwasser\/\" target=\"_self\"><img class=\"rpwe-alignleft rpwe-thumb\" src=\"https:\/\/feuerwehr-oedheim.de\/wp-content\/uploads\/2018\/01\/180105_1-45x45.jpg\" alt=\"5 | 5 Eins\u00e4tze durch Hochwasser\" height=\"45\" width=\"45\" loading=\"lazy\" decoding=\"async\"><\/a><h3 class=\"rpwe-title\"><a href=\"https:\/\/feuerwehr-oedheim.de\/index.php\/einsatzberichte\/5-5-einsaetze-durch-hochwasser\/\" target=\"_self\">5 | 5 Eins\u00e4tze durch Hochwasser<\/a><\/h3><time class=\"rpwe-time published\" datetime=\"2018-01-05T06:54:00+02:00\">5. Januar 2018<\/time><div class=\"rpwe-summary\">Die Feuerwehr Oedheim musste bis ca. 14 &hellip;<a href=\"https:\/\/feuerwehr-oedheim.de\/index.php\/einsatzberichte\/5-5-einsaetze-durch-hochwasser\/\" class=\"more-link\">weiterlesen \u00bb<\/a><\/div><\/li><li class=\"rpwe-li rpwe-clearfix\"><a class=\"rpwe-img\" href=\"https:\/\/feuerwehr-oedheim.de\/index.php\/einsatzberichte\/4-erneute-strassenueberflutung-im-nonnenrain\/\" target=\"_self\"><img class=\"rpwe-alignleft rpwe-thumb\" src=\"https:\/\/feuerwehr-oedheim.de\/wp-content\/uploads\/2018\/01\/180104_2_1-45x45.jpg\" alt=\"4 | Erneute Stra\u00dfen\u00fcberflutung im Nonnenrain\" height=\"45\" width=\"45\" loading=\"lazy\" decoding=\"async\"><\/a><h3 class=\"rpwe-title\"><a href=\"https:\/\/feuerwehr-oedheim.de\/index.php\/einsatzberichte\/4-erneute-strassenueberflutung-im-nonnenrain\/\" target=\"_self\">4 | Erneute Stra\u00dfen\u00fcberflutung im Nonnenrain<\/a><\/h3><time class=\"rpwe-time published\" datetime=\"2018-01-04T19:29:00+02:00\">4. Januar 2018<\/time><div class=\"rpwe-summary\">Erneut wurde die Feuerwehr Oedheim zu einer &hellip;<a href=\"https:\/\/feuerwehr-oedheim.de\/index.php\/einsatzberichte\/4-erneute-strassenueberflutung-im-nonnenrain\/\" class=\"more-link\">weiterlesen \u00bb<\/a><\/div><\/li><li class=\"rpwe-li rpwe-clearfix\"><a class=\"rpwe-img\" href=\"https:\/\/feuerwehr-oedheim.de\/index.php\/einsatzberichte\/3-starkregen-fuehrt-zu-strassenueberfltung\/\" target=\"_self\"><img class=\"rpwe-alignleft rpwe-thumb\" src=\"https:\/\/feuerwehr-oedheim.de\/wp-content\/uploads\/2018\/01\/180104_1-45x45.jpg\" alt=\"3 | Starkregen f\u00fchrt zu Stra\u00dfen\u00fcberfltung\" height=\"45\" width=\"45\" loading=\"lazy\" decoding=\"async\"><\/a><h3 class=\"rpwe-title\"><a href=\"https:\/\/feuerwehr-oedheim.de\/index.php\/einsatzberichte\/3-starkregen-fuehrt-zu-strassenueberfltung\/\" target=\"_self\">3 | Starkregen f\u00fchrt zu Stra\u00dfen\u00fcberfltung<\/a><\/h3><time class=\"rpwe-time published\" datetime=\"2018-01-04T15:32:00+02:00\">4. Januar 2018<\/time><div class=\"rpwe-summary\">Aufgrund des anhaltenden Starkregens kam es im &hellip;<a href=\"https:\/\/feuerwehr-oedheim.de\/index.php\/einsatzberichte\/3-starkregen-fuehrt-zu-strassenueberfltung\/\" class=\"more-link\">weiterlesen \u00bb<\/a><\/div><\/li><li class=\"rpwe-li rpwe-clearfix\"><a class=\"rpwe-img\" href=\"https:\/\/feuerwehr-oedheim.de\/index.php\/einsatzberichte\/2-mehrere-einsaetze-durch-sturmtief\/\" target=\"_self\"><img class=\"rpwe-alignleft rpwe-thumb\" src=\"https:\/\/feuerwehr-oedheim.de\/wp-content\/uploads\/2018\/01\/180103_2_1-45x45.jpg\" alt=\"2 | Mehrere Eins\u00e4tze durch Sturmtief\" height=\"45\" width=\"45\" loading=\"lazy\" decoding=\"async\"><\/a><h3 class=\"rpwe-title\"><a href=\"https:\/\/feuerwehr-oedheim.de\/index.php\/einsatzberichte\/2-mehrere-einsaetze-durch-sturmtief\/\" target=\"_self\">2 | Mehrere Eins\u00e4tze durch Sturmtief<\/a><\/h3><time class=\"rpwe-time published\" datetime=\"2018-01-03T08:40:00+02:00\">3. Januar 2018<\/time><div class=\"rpwe-summary\">Nachdem die Feuerwehr Oedheim durch die Leitstelle &hellip;<a href=\"https:\/\/feuerwehr-oedheim.de\/index.php\/einsatzberichte\/2-mehrere-einsaetze-durch-sturmtief\/\" class=\"more-link\">weiterlesen \u00bb<\/a><\/div><\/li><li class=\"rpwe-li rpwe-clearfix\"><a class=\"rpwe-img\" href=\"https:\/\/feuerwehr-oedheim.de\/index.php\/einsatzberichte\/1-stromleitung-auf-hausdach\/\" target=\"_self\"><img class=\"rpwe-alignleft rpwe-thumb\" src=\"https:\/\/feuerwehr-oedheim.de\/wp-content\/uploads\/2018\/01\/180103_1-45x45.jpg\" alt=\"1 | Stromleitung auf Hausdach\" height=\"45\" width=\"45\" loading=\"lazy\" decoding=\"async\"><\/a><h3 class=\"rpwe-title\"><a href=\"https:\/\/feuerwehr-oedheim.de\/index.php\/einsatzberichte\/1-stromleitung-auf-hausdach\/\" target=\"_self\">1 | Stromleitung auf Hausdach<\/a><\/h3><time class=\"rpwe-time published\" datetime=\"2018-01-03T08:37:00+02:00\">3. Januar 2018<\/time><div class=\"rpwe-summary\">Aufgrund des starken Sturms wurde in de &hellip;<a href=\"https:\/\/feuerwehr-oedheim.de\/index.php\/einsatzberichte\/1-stromleitung-auf-hausdach\/\" class=\"more-link\">weiterlesen \u00bb<\/a><\/div><\/li><\/ul><\/div><!-- Generated by http:\/\/wordpress.org\/plugins\/recent-posts-widget-extended\/ --><\/div><\/div><\/div><\/div>","protected":false},"excerpt":{"rendered":"<p>26 | Brennende Feuerwerksbatterie31. Dezember 2018Eine nach dem Abbrennen unsachgem\u00e4\u00df gelagerte Feuerwerksbatterie &hellip;weiterlesen \u00bb25 | Brennende Heuballen9. Oktober 2018Gegen 2:54Uhr wurde die Feuerwehr Oedheim zum &hellip;weiterlesen \u00bb24 | PKW Brand8. <a class=\"more-link\" href=\"https:\/\/feuerwehr-oedheim.de\/index.php\/einsaetze\/2018-2\/\">weiterlesen \u2192<\/a><\/p>\n","protected":false},"author":1,"featured_media":0,"parent":2,"menu_order":90,"comment_status":"closed","ping_status":"closed","template":"","meta":{"footnotes":""},"_links":{"self":[{"href":"https:\/\/feuerwehr-oedheim.de\/index.php\/wp-json\/wp\/v2\/pages\/1375"}],"collection":[{"href":"https:\/\/feuerwehr-oedheim.de\/index.php\/wp-json\/wp\/v2\/pages"}],"about":[{"href":"https:\/\/feuerwehr-oedheim.de\/index.php\/wp-json\/wp\/v2\/types\/page"}],"author":[{"embeddable":true,"href":"https:\/\/feuerwehr-oedheim.de\/index.php\/wp-json\/wp\/v2\/users\/1"}],"replies":[{"embeddable":true,"href":"https:\/\/feuerwehr-oedheim.de\/index.php\/wp-json\/wp\/v2\/comments?post=1375"}],"version-history":[{"count":12,"href":"https:\/\/feuerwehr-oedheim.de\/index.php\/wp-json\/wp\/v2\/pages\/1375\/revisions"}],"predecessor-version":[{"id":3559,"href":"https:\/\/feuerwehr-oedheim.de\/index.php\/wp-json\/wp\/v2\/pages\/1375\/revisions\/3559"}],"up":[{"embeddable":true,"href":"https:\/\/feuerwehr-oedheim.de\/index.php\/wp-json\/wp\/v2\/pages\/2"}],"wp:attachment":[{"href":"https:\/\/feuerwehr-oedheim.de\/index.php\/wp-json\/wp\/v2\/media?parent=1375"}],"curies":[{"name":"wp","href":"https:\/\/api.w.org\/{rel}","templated":true}]}}