{"id":17,"date":"2017-10-26T08:13:16","date_gmt":"2017-10-26T08:13:16","guid":{"rendered":"http:\/\/feuerwehr-oedheim.de\/Wordpress\/?page_id=17"},"modified":"2025-12-22T12:20:34","modified_gmt":"2025-12-22T10:20:34","slug":"jugendfeuerwehr","status":"publish","type":"page","link":"https:\/\/feuerwehr-oedheim.de\/index.php\/das-jugendfeuerwehr-team\/jugendfeuerwehr\/","title":{"rendered":"Jugendfeuerwehr"},"content":{"rendered":"<div id=\"pl-17\"  class=\"panel-layout\" ><div id=\"pg-17-0\"  class=\"panel-grid panel-no-style\" ><div id=\"pgc-17-0-0\"  class=\"panel-grid-cell\" ><div id=\"panel-17-0-0-0\" class=\"so-panel widget widget_sow-editor panel-first-child\" data-index=\"0\" ><div\n\t\t\t\n\t\t\tclass=\"so-widget-sow-editor so-widget-sow-editor-base\"\n\t\t\t\n\t\t>\n<div class=\"siteorigin-widget-tinymce textwidget\">\n\t<p style=\"margin: 0cm; background: white; vertical-align: baseline;\"><span style=\"font-family: 'Arial',sans-serif; color: #444444;\">Die Jugendfeuerwehr Oedheim wurde im Jahr 2002 wieder gegr\u00fcndet und gliedert sich seit 2016 in zwei Untergruppen, zum einen in den Bereich der Jugendgruppe und zum anderen in die Kindergruppe. In der Jugendfeuerwehr kann jeder zwischen sechs und 17 Jahren aktiv werden, wenn man die Welt der Feuerwehr von klein auf entdecken m\u00f6chte.<\/span><\/p>\n<p>&nbsp;<\/p>\n<p><a href=\"https:\/\/feuerwehr-oedheim.de\/wp-content\/uploads\/2018\/07\/180717.jpg\" data-src=\"https:\/\/feuerwehr-oedheim.de\/wp-content\/uploads\/2018\/07\/180717.jpg\" data-thumb=\"http:\/\/feuerwehr-oedheim.de\/wp-content\/uploads\/2018\/07\/180717-300x169.jpg\" class=\"ml-lightbox-enabled\"><img loading=\"lazy\" decoding=\"async\" class=\"alignright size-medium wp-image-2633\" style=\"border-color: #bbbbbb; background: #eeeeee;\" src=\"http:\/\/feuerwehr-oedheim.de\/wp-content\/uploads\/2018\/07\/180717-300x169.jpg\" alt=\"\" width=\"300\" height=\"169\" srcset=\"https:\/\/feuerwehr-oedheim.de\/wp-content\/uploads\/2018\/07\/180717-300x169.jpg 300w, https:\/\/feuerwehr-oedheim.de\/wp-content\/uploads\/2018\/07\/180717-768x432.jpg 768w, https:\/\/feuerwehr-oedheim.de\/wp-content\/uploads\/2018\/07\/180717-1024x576.jpg 1024w, https:\/\/feuerwehr-oedheim.de\/wp-content\/uploads\/2018\/07\/180717-600x337.jpg 600w, https:\/\/feuerwehr-oedheim.de\/wp-content\/uploads\/2018\/07\/180717-280x157.jpg 280w, https:\/\/feuerwehr-oedheim.de\/wp-content\/uploads\/2018\/07\/180717.jpg 1599w\" sizes=\"(max-width: 300px) 100vw, 300px\" \/><\/a><span style=\"font-family: 'Arial',sans-serif; color: #444444;\">In der Kindergruppe liegt das Hauptaugenmerk zwar auch auf dem Thema Feuerwehr, jedoch werden die Inhalte haupts\u00e4chlich mit vielen Spielen und jeder Menge Spa\u00df vermittelt. So sind z.B. Inhalte wie Brandfr\u00fcherziehung und der sichere Umgang mit dem Feuer ein gro\u00dfer \u00dcbungsbestandteil bei den ausgearbeiteten Konzepten des Betreuerpools. <\/span><\/p>\n<p style=\"margin: 0cm; background: white; vertical-align: baseline;\"><span style=\"font-family: 'Arial',sans-serif; color: #444444;\">\u00a0<\/span><\/p>\n<p style=\"margin: 0cm; background: white; vertical-align: baseline;\"><span style=\"font-family: 'Arial',sans-serif; color: #444444;\">In unserer Jugendgruppe werden die Jugendlichen im Alter zwischen 10 und 17 Jahren haupts\u00e4chlich auf den aktiven Dienst der Feuerwehr stufenweise ausgebildet. Neben diesen spannenden Themenfeldern welche eine Feuerwehr bietet, fehlt aber auch hier nat\u00fcrlich nicht der Spa\u00df. Auf Landkreisebene gibt es zudem immer wieder Leistungswettk\u00e4mpfe an denen die Jugendlichen teilnehmen k\u00f6nnen, denn Netzwerk spielt nicht nur im Internet eine gro\u00dfe Rolle, sondern auch in der landkreisweiten Kameradschaft, welche von klein auf den Kindern und Jugendlichen vermittelt wird.<\/span><\/p>\n<p style=\"margin: 0cm; background: white; vertical-align: baseline;\"><span style=\"font-family: 'Arial',sans-serif; color: #444444;\">Neben zahlreichen Sonderprojekten, Ausfl\u00fcgen und Aktionstagen, sind die 14-t\u00e4gig-wechselnden \u00dcbungsabende ein gro\u00dfer Bestandteil der Jugendarbeit in der Feuerwehr. <\/span><\/p>\n<p style=\"margin: 0cm; background: white; vertical-align: baseline;\"><span style=\"font-family: 'Arial',sans-serif; color: #444444;\">\u00a0<\/span><\/p>\n<p style=\"margin: 0cm; background: white; vertical-align: baseline;\"><span style=\"font-family: 'Arial',sans-serif; color: #444444;\">M\u00f6chtest auch DU oder Ihr Kind einmal bei der Jugendfeuerwehr Oedheim reinschnuppern, so kommt gerne ganz unverbindlich auf unsere Jugendleitung zu.<\/span><\/p>\n<p>Kontakt per E-Mail: <a href=\"mailto:Jugendfeuerwehr@Oedheim.de\"><strong>Jugendfeuerwehr@Oedheim.de<\/strong><\/a><\/p>\n<p>&nbsp;<\/p>\n<p style=\"margin: 0cm; background: white; vertical-align: baseline;\"><span style=\"font-family: 'Arial',sans-serif; color: #444444;\">Auf den weiteren Seiten findet man einen kleinen Einblick in die Welt der Jugendfeuerwehr und die einzelnen Gruppen aus Oedheim.<\/span><\/p>\n<p>&nbsp;<\/p>\n<p><a href=\"http:\/\/feuerwehr-oedheim.de\/index.php\/abteilungen\/jugendfeuerwehr\/jugendgruppe\/\">Jugendgruppe\u00a0<\/a><\/p>\n<p>&nbsp;<\/p>\n<p><a href=\"http:\/\/feuerwehr-oedheim.de\/index.php\/abteilungen\/jugendfeuerwehr\/kindergruppe\/\">Kindergruppe\u00a0<\/a><\/p>\n<p>&nbsp;<\/p>\n<p style=\"margin: 0cm; background: white; vertical-align: baseline;\"><span style=\"font-family: 'Arial',sans-serif; color: #444444;\">\u00a0<\/span><\/p>\n<p style=\"margin: 0cm; background: white; vertical-align: baseline;\"><span style=\"font-family: 'Arial',sans-serif; color: #444444;\">Bis bald dann in der Jugendfeuerwehr!<\/span><\/p>\n<\/div>\n<\/div><\/div><div id=\"panel-17-0-0-1\" class=\"so-panel widget widget_sow-editor panel-last-child\" data-index=\"1\" ><div\n\t\t\t\n\t\t\tclass=\"so-widget-sow-editor so-widget-sow-editor-base\"\n\t\t\t\n\t\t>\n<div class=\"siteorigin-widget-tinymce textwidget\">\n\t<p><strong>Jugendwarte<\/strong><\/p>\n<\/div>\n<\/div><\/div><\/div><\/div><div id=\"pg-17-1\"  class=\"panel-grid panel-no-style\" ><div id=\"pgc-17-1-0\"  class=\"panel-grid-cell\" ><div id=\"panel-17-1-0-0\" class=\"so-panel widget widget_sow-editor panel-first-child panel-last-child\" data-index=\"2\" ><div\n\t\t\t\n\t\t\tclass=\"so-widget-sow-editor so-widget-sow-editor-base\"\n\t\t\t\n\t\t>\n<div class=\"siteorigin-widget-tinymce textwidget\">\n\t<div id=\"attachment_26690\" style=\"width: 235px\" class=\"wp-caption alignleft\"><a href=\"https:\/\/feuerwehr-oedheim.de\/wp-content\/uploads\/2025\/12\/thumbnail_IMG_1249.jpg\" data-src=\"https:\/\/feuerwehr-oedheim.de\/wp-content\/uploads\/2025\/12\/thumbnail_IMG_1249.jpg\" data-thumb=\"https:\/\/feuerwehr-oedheim.de\/wp-content\/uploads\/2025\/12\/thumbnail_IMG_1249-225x300.jpg\" class=\"ml-lightbox-enabled\"><img aria-describedby=\"caption-attachment-26690\" loading=\"lazy\" decoding=\"async\" class=\"wp-image-26690 size-medium\" src=\"https:\/\/feuerwehr-oedheim.de\/wp-content\/uploads\/2025\/12\/thumbnail_IMG_1249-225x300.jpg\" alt=\"\" width=\"225\" height=\"300\" srcset=\"https:\/\/feuerwehr-oedheim.de\/wp-content\/uploads\/2025\/12\/thumbnail_IMG_1249-225x300.jpg 225w, https:\/\/feuerwehr-oedheim.de\/wp-content\/uploads\/2025\/12\/thumbnail_IMG_1249-451x600.jpg 451w, https:\/\/feuerwehr-oedheim.de\/wp-content\/uploads\/2025\/12\/thumbnail_IMG_1249-120x160.jpg 120w, https:\/\/feuerwehr-oedheim.de\/wp-content\/uploads\/2025\/12\/thumbnail_IMG_1249.jpg 481w\" sizes=\"(max-width: 225px) 100vw, 225px\" \/><\/a><p id=\"caption-attachment-26690\" class=\"wp-caption-text\">Patrick Fiedler<\/p><\/div>\n<\/div>\n<\/div><\/div><\/div><div id=\"pgc-17-1-1\"  class=\"panel-grid-cell\" ><div id=\"panel-17-1-1-0\" class=\"so-panel widget widget_sow-editor panel-first-child panel-last-child\" data-index=\"3\" ><div\n\t\t\t\n\t\t\tclass=\"so-widget-sow-editor so-widget-sow-editor-base\"\n\t\t\t\n\t\t>\n<div class=\"siteorigin-widget-tinymce textwidget\">\n\t<div id=\"attachment_26692\" style=\"width: 235px\" class=\"wp-caption alignleft\"><a href=\"https:\/\/feuerwehr-oedheim.de\/wp-content\/uploads\/2025\/12\/thumbnail_IMG_1380.jpg\" data-src=\"https:\/\/feuerwehr-oedheim.de\/wp-content\/uploads\/2025\/12\/thumbnail_IMG_1380.jpg\" data-thumb=\"https:\/\/feuerwehr-oedheim.de\/wp-content\/uploads\/2025\/12\/thumbnail_IMG_1380-225x300.jpg\" class=\"ml-lightbox-enabled\"><img aria-describedby=\"caption-attachment-26692\" loading=\"lazy\" decoding=\"async\" class=\"wp-image-26692 size-medium\" src=\"https:\/\/feuerwehr-oedheim.de\/wp-content\/uploads\/2025\/12\/thumbnail_IMG_1380-225x300.jpg\" alt=\"\" width=\"225\" height=\"300\" srcset=\"https:\/\/feuerwehr-oedheim.de\/wp-content\/uploads\/2025\/12\/thumbnail_IMG_1380-225x300.jpg 225w, https:\/\/feuerwehr-oedheim.de\/wp-content\/uploads\/2025\/12\/thumbnail_IMG_1380-451x600.jpg 451w, https:\/\/feuerwehr-oedheim.de\/wp-content\/uploads\/2025\/12\/thumbnail_IMG_1380-120x160.jpg 120w, https:\/\/feuerwehr-oedheim.de\/wp-content\/uploads\/2025\/12\/thumbnail_IMG_1380.jpg 481w\" sizes=\"(max-width: 225px) 100vw, 225px\" \/><\/a><p id=\"caption-attachment-26692\" class=\"wp-caption-text\">Julia Herold<\/p><\/div>\n<\/div>\n<\/div><\/div><\/div><\/div><div id=\"pg-17-2\"  class=\"panel-grid panel-no-style\" ><div id=\"pgc-17-2-0\"  class=\"panel-grid-cell\" ><div id=\"panel-17-2-0-0\" class=\"so-panel widget widget_sow-editor panel-first-child panel-last-child\" data-index=\"4\" ><div\n\t\t\t\n\t\t\tclass=\"so-widget-sow-editor so-widget-sow-editor-base\"\n\t\t\t\n\t\t>\n<div class=\"siteorigin-widget-tinymce textwidget\">\n\t<p><strong>Kinder - und Jugendgruppenleiter<\/strong><\/p>\n<\/div>\n<\/div><\/div><\/div><\/div><div id=\"pg-17-3\"  class=\"panel-grid panel-no-style\" ><div id=\"pgc-17-3-0\"  class=\"panel-grid-cell\" ><div id=\"panel-17-3-0-0\" class=\"so-panel widget widget_sow-editor panel-first-child\" data-index=\"5\" ><div\n\t\t\t\n\t\t\tclass=\"so-widget-sow-editor so-widget-sow-editor-base\"\n\t\t\t\n\t\t>\n<div class=\"siteorigin-widget-tinymce textwidget\">\n\t<div id=\"attachment_26694\" style=\"width: 235px\" class=\"wp-caption alignleft\"><a href=\"https:\/\/feuerwehr-oedheim.de\/wp-content\/uploads\/2025\/12\/thumbnail_IMG_1314.jpg\" data-src=\"https:\/\/feuerwehr-oedheim.de\/wp-content\/uploads\/2025\/12\/thumbnail_IMG_1314.jpg\" data-thumb=\"https:\/\/feuerwehr-oedheim.de\/wp-content\/uploads\/2025\/12\/thumbnail_IMG_1314-225x300.jpg\" class=\"ml-lightbox-enabled\"><img aria-describedby=\"caption-attachment-26694\" loading=\"lazy\" decoding=\"async\" class=\"wp-image-26694 size-medium\" src=\"https:\/\/feuerwehr-oedheim.de\/wp-content\/uploads\/2025\/12\/thumbnail_IMG_1314-225x300.jpg\" alt=\"\" width=\"225\" height=\"300\" srcset=\"https:\/\/feuerwehr-oedheim.de\/wp-content\/uploads\/2025\/12\/thumbnail_IMG_1314-225x300.jpg 225w, https:\/\/feuerwehr-oedheim.de\/wp-content\/uploads\/2025\/12\/thumbnail_IMG_1314-451x600.jpg 451w, https:\/\/feuerwehr-oedheim.de\/wp-content\/uploads\/2025\/12\/thumbnail_IMG_1314-120x160.jpg 120w, https:\/\/feuerwehr-oedheim.de\/wp-content\/uploads\/2025\/12\/thumbnail_IMG_1314.jpg 481w\" sizes=\"(max-width: 225px) 100vw, 225px\" \/><\/a><p id=\"caption-attachment-26694\" class=\"wp-caption-text\">Thomas Feeser<\/p><\/div>\n<\/div>\n<\/div><\/div><div id=\"panel-17-3-0-1\" class=\"so-panel widget widget_sow-editor\" data-index=\"6\" ><div\n\t\t\t\n\t\t\tclass=\"so-widget-sow-editor so-widget-sow-editor-base\"\n\t\t\t\n\t\t>\n<div class=\"siteorigin-widget-tinymce textwidget\">\n\t<div id=\"attachment_26695\" style=\"width: 235px\" class=\"wp-caption alignleft\"><a href=\"https:\/\/feuerwehr-oedheim.de\/wp-content\/uploads\/2025\/12\/thumbnail_IMG_1408.jpg\" data-src=\"https:\/\/feuerwehr-oedheim.de\/wp-content\/uploads\/2025\/12\/thumbnail_IMG_1408.jpg\" data-thumb=\"https:\/\/feuerwehr-oedheim.de\/wp-content\/uploads\/2025\/12\/thumbnail_IMG_1408-225x300.jpg\" class=\"ml-lightbox-enabled\"><img aria-describedby=\"caption-attachment-26695\" loading=\"lazy\" decoding=\"async\" class=\"wp-image-26695 size-medium\" src=\"https:\/\/feuerwehr-oedheim.de\/wp-content\/uploads\/2025\/12\/thumbnail_IMG_1408-225x300.jpg\" alt=\"\" width=\"225\" height=\"300\" srcset=\"https:\/\/feuerwehr-oedheim.de\/wp-content\/uploads\/2025\/12\/thumbnail_IMG_1408-225x300.jpg 225w, https:\/\/feuerwehr-oedheim.de\/wp-content\/uploads\/2025\/12\/thumbnail_IMG_1408-451x600.jpg 451w, https:\/\/feuerwehr-oedheim.de\/wp-content\/uploads\/2025\/12\/thumbnail_IMG_1408-120x160.jpg 120w, https:\/\/feuerwehr-oedheim.de\/wp-content\/uploads\/2025\/12\/thumbnail_IMG_1408.jpg 481w\" sizes=\"(max-width: 225px) 100vw, 225px\" \/><\/a><p id=\"caption-attachment-26695\" class=\"wp-caption-text\">Julian Knecht<\/p><\/div>\n<\/div>\n<\/div><\/div><div id=\"panel-17-3-0-2\" class=\"so-panel widget widget_sow-editor panel-last-child\" data-index=\"7\" ><div\n\t\t\t\n\t\t\tclass=\"so-widget-sow-editor so-widget-sow-editor-base\"\n\t\t\t\n\t\t>\n<div class=\"siteorigin-widget-tinymce textwidget\">\n\t<div id=\"attachment_26698\" style=\"width: 235px\" class=\"wp-caption alignleft\"><a href=\"https:\/\/feuerwehr-oedheim.de\/wp-content\/uploads\/2025\/12\/thumbnail_IMG_1355.jpg\" data-src=\"https:\/\/feuerwehr-oedheim.de\/wp-content\/uploads\/2025\/12\/thumbnail_IMG_1355.jpg\" data-thumb=\"https:\/\/feuerwehr-oedheim.de\/wp-content\/uploads\/2025\/12\/thumbnail_IMG_1355-225x300.jpg\" class=\"ml-lightbox-enabled\"><img aria-describedby=\"caption-attachment-26698\" loading=\"lazy\" decoding=\"async\" class=\"wp-image-26698 size-medium\" src=\"https:\/\/feuerwehr-oedheim.de\/wp-content\/uploads\/2025\/12\/thumbnail_IMG_1355-225x300.jpg\" alt=\"\" width=\"225\" height=\"300\" srcset=\"https:\/\/feuerwehr-oedheim.de\/wp-content\/uploads\/2025\/12\/thumbnail_IMG_1355-225x300.jpg 225w, https:\/\/feuerwehr-oedheim.de\/wp-content\/uploads\/2025\/12\/thumbnail_IMG_1355-451x600.jpg 451w, https:\/\/feuerwehr-oedheim.de\/wp-content\/uploads\/2025\/12\/thumbnail_IMG_1355-120x160.jpg 120w, https:\/\/feuerwehr-oedheim.de\/wp-content\/uploads\/2025\/12\/thumbnail_IMG_1355.jpg 481w\" sizes=\"(max-width: 225px) 100vw, 225px\" \/><\/a><p id=\"caption-attachment-26698\" class=\"wp-caption-text\">Bernard Karaus<\/p><\/div>\n<\/div>\n<\/div><\/div><\/div><div id=\"pgc-17-3-1\"  class=\"panel-grid-cell\" ><div id=\"panel-17-3-1-0\" class=\"so-panel widget widget_sow-editor panel-first-child\" data-index=\"8\" ><div\n\t\t\t\n\t\t\tclass=\"so-widget-sow-editor so-widget-sow-editor-base\"\n\t\t\t\n\t\t>\n<div class=\"siteorigin-widget-tinymce textwidget\">\n\t<div id=\"attachment_26693\" style=\"width: 235px\" class=\"wp-caption alignleft\"><a href=\"https:\/\/feuerwehr-oedheim.de\/wp-content\/uploads\/2025\/12\/thumbnail_IMG_1376.jpg\" data-src=\"https:\/\/feuerwehr-oedheim.de\/wp-content\/uploads\/2025\/12\/thumbnail_IMG_1376.jpg\" data-thumb=\"https:\/\/feuerwehr-oedheim.de\/wp-content\/uploads\/2025\/12\/thumbnail_IMG_1376-225x300.jpg\" class=\"ml-lightbox-enabled\"><img aria-describedby=\"caption-attachment-26693\" loading=\"lazy\" decoding=\"async\" class=\"wp-image-26693 size-medium\" src=\"https:\/\/feuerwehr-oedheim.de\/wp-content\/uploads\/2025\/12\/thumbnail_IMG_1376-225x300.jpg\" alt=\"\" width=\"225\" height=\"300\" srcset=\"https:\/\/feuerwehr-oedheim.de\/wp-content\/uploads\/2025\/12\/thumbnail_IMG_1376-225x300.jpg 225w, https:\/\/feuerwehr-oedheim.de\/wp-content\/uploads\/2025\/12\/thumbnail_IMG_1376-451x600.jpg 451w, https:\/\/feuerwehr-oedheim.de\/wp-content\/uploads\/2025\/12\/thumbnail_IMG_1376-120x160.jpg 120w, https:\/\/feuerwehr-oedheim.de\/wp-content\/uploads\/2025\/12\/thumbnail_IMG_1376.jpg 481w\" sizes=\"(max-width: 225px) 100vw, 225px\" \/><\/a><p id=\"caption-attachment-26693\" class=\"wp-caption-text\">Kevin Heise<\/p><\/div>\n<\/div>\n<\/div><\/div><div id=\"panel-17-3-1-1\" class=\"so-panel widget widget_sow-editor\" data-index=\"9\" ><div\n\t\t\t\n\t\t\tclass=\"so-widget-sow-editor so-widget-sow-editor-base\"\n\t\t\t\n\t\t>\n<div class=\"siteorigin-widget-tinymce textwidget\">\n\t<div id=\"attachment_26696\" style=\"width: 235px\" class=\"wp-caption alignleft\"><a href=\"https:\/\/feuerwehr-oedheim.de\/wp-content\/uploads\/2025\/12\/thumbnail_IMG_1386.jpg\" data-src=\"https:\/\/feuerwehr-oedheim.de\/wp-content\/uploads\/2025\/12\/thumbnail_IMG_1386.jpg\" data-thumb=\"https:\/\/feuerwehr-oedheim.de\/wp-content\/uploads\/2025\/12\/thumbnail_IMG_1386-225x300.jpg\" class=\"ml-lightbox-enabled\"><img aria-describedby=\"caption-attachment-26696\" loading=\"lazy\" decoding=\"async\" class=\"wp-image-26696 size-medium\" src=\"https:\/\/feuerwehr-oedheim.de\/wp-content\/uploads\/2025\/12\/thumbnail_IMG_1386-225x300.jpg\" alt=\"\" width=\"225\" height=\"300\" srcset=\"https:\/\/feuerwehr-oedheim.de\/wp-content\/uploads\/2025\/12\/thumbnail_IMG_1386-225x300.jpg 225w, https:\/\/feuerwehr-oedheim.de\/wp-content\/uploads\/2025\/12\/thumbnail_IMG_1386-451x600.jpg 451w, https:\/\/feuerwehr-oedheim.de\/wp-content\/uploads\/2025\/12\/thumbnail_IMG_1386-120x160.jpg 120w, https:\/\/feuerwehr-oedheim.de\/wp-content\/uploads\/2025\/12\/thumbnail_IMG_1386.jpg 481w\" sizes=\"(max-width: 225px) 100vw, 225px\" \/><\/a><p id=\"caption-attachment-26696\" class=\"wp-caption-text\">Marcel Klenk<\/p><\/div>\n<\/div>\n<\/div><\/div><div id=\"panel-17-3-1-2\" class=\"so-panel widget widget_sow-editor panel-last-child\" data-index=\"10\" ><div\n\t\t\t\n\t\t\tclass=\"so-widget-sow-editor so-widget-sow-editor-base\"\n\t\t\t\n\t\t>\n<div class=\"siteorigin-widget-tinymce textwidget\">\n\t<div id=\"attachment_26697\" style=\"width: 235px\" class=\"wp-caption alignleft\"><a href=\"https:\/\/feuerwehr-oedheim.de\/wp-content\/uploads\/2025\/12\/thumbnail_IMG_1254.jpg\" data-src=\"https:\/\/feuerwehr-oedheim.de\/wp-content\/uploads\/2025\/12\/thumbnail_IMG_1254.jpg\" data-thumb=\"https:\/\/feuerwehr-oedheim.de\/wp-content\/uploads\/2025\/12\/thumbnail_IMG_1254-225x300.jpg\" class=\"ml-lightbox-enabled\"><img aria-describedby=\"caption-attachment-26697\" loading=\"lazy\" decoding=\"async\" class=\"wp-image-26697 size-medium\" src=\"https:\/\/feuerwehr-oedheim.de\/wp-content\/uploads\/2025\/12\/thumbnail_IMG_1254-225x300.jpg\" alt=\"\" width=\"225\" height=\"300\" srcset=\"https:\/\/feuerwehr-oedheim.de\/wp-content\/uploads\/2025\/12\/thumbnail_IMG_1254-225x300.jpg 225w, https:\/\/feuerwehr-oedheim.de\/wp-content\/uploads\/2025\/12\/thumbnail_IMG_1254-451x600.jpg 451w, https:\/\/feuerwehr-oedheim.de\/wp-content\/uploads\/2025\/12\/thumbnail_IMG_1254-120x160.jpg 120w, https:\/\/feuerwehr-oedheim.de\/wp-content\/uploads\/2025\/12\/thumbnail_IMG_1254.jpg 481w\" sizes=\"(max-width: 225px) 100vw, 225px\" \/><\/a><p id=\"caption-attachment-26697\" class=\"wp-caption-text\">Andre Streuer<\/p><\/div>\n<\/div>\n<\/div><\/div><\/div><\/div><div id=\"pg-17-4\"  class=\"panel-grid panel-no-style\" ><div id=\"pgc-17-4-0\"  class=\"panel-grid-cell\" ><div id=\"panel-17-4-0-0\" class=\"so-panel widget widget_sow-editor panel-first-child\" data-index=\"11\" ><div\n\t\t\t\n\t\t\tclass=\"so-widget-sow-editor so-widget-sow-editor-base\"\n\t\t\t\n\t\t>\n<div class=\"siteorigin-widget-tinymce textwidget\">\n\t<div id=\"attachment_26700\" style=\"width: 235px\" class=\"wp-caption alignleft\"><a href=\"https:\/\/feuerwehr-oedheim.de\/wp-content\/uploads\/2025\/12\/thumbnail_IMG_1353.jpg\" data-src=\"https:\/\/feuerwehr-oedheim.de\/wp-content\/uploads\/2025\/12\/thumbnail_IMG_1353.jpg\" data-thumb=\"https:\/\/feuerwehr-oedheim.de\/wp-content\/uploads\/2025\/12\/thumbnail_IMG_1353-225x300.jpg\" class=\"ml-lightbox-enabled\"><img aria-describedby=\"caption-attachment-26700\" loading=\"lazy\" decoding=\"async\" class=\"wp-image-26700 size-medium\" src=\"https:\/\/feuerwehr-oedheim.de\/wp-content\/uploads\/2025\/12\/thumbnail_IMG_1353-225x300.jpg\" alt=\"\" width=\"225\" height=\"300\" srcset=\"https:\/\/feuerwehr-oedheim.de\/wp-content\/uploads\/2025\/12\/thumbnail_IMG_1353-225x300.jpg 225w, https:\/\/feuerwehr-oedheim.de\/wp-content\/uploads\/2025\/12\/thumbnail_IMG_1353-451x600.jpg 451w, https:\/\/feuerwehr-oedheim.de\/wp-content\/uploads\/2025\/12\/thumbnail_IMG_1353-120x160.jpg 120w, https:\/\/feuerwehr-oedheim.de\/wp-content\/uploads\/2025\/12\/thumbnail_IMG_1353.jpg 481w\" sizes=\"(max-width: 225px) 100vw, 225px\" \/><\/a><p id=\"caption-attachment-26700\" class=\"wp-caption-text\">Felix Willhauk<\/p><\/div>\n<\/div>\n<\/div><\/div><div id=\"panel-17-4-0-1\" class=\"so-panel widget widget_sow-editor panel-last-child\" data-index=\"12\" ><div\n\t\t\t\n\t\t\tclass=\"so-widget-sow-editor so-widget-sow-editor-base\"\n\t\t\t\n\t\t>\n<div class=\"siteorigin-widget-tinymce textwidget\">\n\t<div id=\"attachment_26701\" style=\"width: 235px\" class=\"wp-caption alignleft\"><a href=\"https:\/\/feuerwehr-oedheim.de\/wp-content\/uploads\/2025\/12\/IMG_1432.jpeg\" data-src=\"https:\/\/feuerwehr-oedheim.de\/wp-content\/uploads\/2025\/12\/IMG_1432.jpeg\" data-thumb=\"https:\/\/feuerwehr-oedheim.de\/wp-content\/uploads\/2025\/12\/IMG_1432-225x300.jpeg\" class=\"ml-lightbox-enabled\"><img aria-describedby=\"caption-attachment-26701\" loading=\"lazy\" decoding=\"async\" class=\"wp-image-26701 size-medium\" src=\"https:\/\/feuerwehr-oedheim.de\/wp-content\/uploads\/2025\/12\/IMG_1432-225x300.jpeg\" alt=\"\" width=\"225\" height=\"300\" srcset=\"https:\/\/feuerwehr-oedheim.de\/wp-content\/uploads\/2025\/12\/IMG_1432-225x300.jpeg 225w, https:\/\/feuerwehr-oedheim.de\/wp-content\/uploads\/2025\/12\/IMG_1432-450x600.jpeg 450w, https:\/\/feuerwehr-oedheim.de\/wp-content\/uploads\/2025\/12\/IMG_1432-120x160.jpeg 120w, https:\/\/feuerwehr-oedheim.de\/wp-content\/uploads\/2025\/12\/IMG_1432.jpeg 480w\" sizes=\"(max-width: 225px) 100vw, 225px\" \/><\/a><p id=\"caption-attachment-26701\" class=\"wp-caption-text\">Hannes Will<\/p><\/div>\n<\/div>\n<\/div><\/div><\/div><div id=\"pgc-17-4-1\"  class=\"panel-grid-cell\" ><div id=\"panel-17-4-1-0\" class=\"so-panel widget widget_sow-editor panel-first-child panel-last-child\" data-index=\"13\" ><div\n\t\t\t\n\t\t\tclass=\"so-widget-sow-editor so-widget-sow-editor-base\"\n\t\t\t\n\t\t>\n<div class=\"siteorigin-widget-tinymce textwidget\">\n\t<div id=\"attachment_26699\" style=\"width: 231px\" class=\"wp-caption alignleft\"><a href=\"https:\/\/feuerwehr-oedheim.de\/wp-content\/uploads\/2025\/12\/thumbnail_IMG_1364.jpg\" data-src=\"https:\/\/feuerwehr-oedheim.de\/wp-content\/uploads\/2025\/12\/thumbnail_IMG_1364.jpg\" data-thumb=\"https:\/\/feuerwehr-oedheim.de\/wp-content\/uploads\/2025\/12\/thumbnail_IMG_1364-221x300.jpg\" class=\"ml-lightbox-enabled\"><img aria-describedby=\"caption-attachment-26699\" loading=\"lazy\" decoding=\"async\" class=\"wp-image-26699 size-medium\" src=\"https:\/\/feuerwehr-oedheim.de\/wp-content\/uploads\/2025\/12\/thumbnail_IMG_1364-221x300.jpg\" alt=\"\" width=\"221\" height=\"300\" srcset=\"https:\/\/feuerwehr-oedheim.de\/wp-content\/uploads\/2025\/12\/thumbnail_IMG_1364-221x300.jpg 221w, https:\/\/feuerwehr-oedheim.de\/wp-content\/uploads\/2025\/12\/thumbnail_IMG_1364-443x600.jpg 443w, https:\/\/feuerwehr-oedheim.de\/wp-content\/uploads\/2025\/12\/thumbnail_IMG_1364-118x160.jpg 118w, https:\/\/feuerwehr-oedheim.de\/wp-content\/uploads\/2025\/12\/thumbnail_IMG_1364.jpg 472w\" sizes=\"(max-width: 221px) 100vw, 221px\" \/><\/a><p id=\"caption-attachment-26699\" class=\"wp-caption-text\">Andreas Disam<\/p><\/div>\n<\/div>\n<\/div><\/div><\/div><\/div><div id=\"pg-17-5\"  class=\"panel-grid panel-no-style\" ><div id=\"pgc-17-5-0\"  class=\"panel-grid-cell panel-grid-cell-empty\" ><\/div><\/div><\/div>","protected":false},"excerpt":{"rendered":"<p>Die Jugendfeuerwehr Oedheim wurde im Jahr 2002 wieder gegr\u00fcndet und gliedert sich seit 2016 in zwei Untergruppen, zum einen in den Bereich der Jugendgruppe und zum anderen in die Kindergruppe. <a class=\"more-link\" href=\"https:\/\/feuerwehr-oedheim.de\/index.php\/das-jugendfeuerwehr-team\/jugendfeuerwehr\/\">weiterlesen \u2192<\/a><\/p>\n","protected":false},"author":1,"featured_media":0,"parent":25208,"menu_order":0,"comment_status":"closed","ping_status":"closed","template":"","meta":{"footnotes":""},"_links":{"self":[{"href":"https:\/\/feuerwehr-oedheim.de\/index.php\/wp-json\/wp\/v2\/pages\/17"}],"collection":[{"href":"https:\/\/feuerwehr-oedheim.de\/index.php\/wp-json\/wp\/v2\/pages"}],"about":[{"href":"https:\/\/feuerwehr-oedheim.de\/index.php\/wp-json\/wp\/v2\/types\/page"}],"author":[{"embeddable":true,"href":"https:\/\/feuerwehr-oedheim.de\/index.php\/wp-json\/wp\/v2\/users\/1"}],"replies":[{"embeddable":true,"href":"https:\/\/feuerwehr-oedheim.de\/index.php\/wp-json\/wp\/v2\/comments?post=17"}],"version-history":[{"count":162,"href":"https:\/\/feuerwehr-oedheim.de\/index.php\/wp-json\/wp\/v2\/pages\/17\/revisions"}],"predecessor-version":[{"id":26706,"href":"https:\/\/feuerwehr-oedheim.de\/index.php\/wp-json\/wp\/v2\/pages\/17\/revisions\/26706"}],"up":[{"embeddable":true,"href":"https:\/\/feuerwehr-oedheim.de\/index.php\/wp-json\/wp\/v2\/pages\/25208"}],"wp:attachment":[{"href":"https:\/\/feuerwehr-oedheim.de\/index.php\/wp-json\/wp\/v2\/media?parent=17"}],"curies":[{"name":"wp","href":"https:\/\/api.w.org\/{rel}","templated":true}]}}