{"id":26287,"date":"2025-10-05T16:26:42","date_gmt":"2025-10-05T14:26:42","guid":{"rendered":"https:\/\/feuerwehr-oedheim.de\/?page_id=26287"},"modified":"2025-11-25T09:07:52","modified_gmt":"2025-11-25T07:07:52","slug":"notfallvorsorge","status":"publish","type":"page","link":"https:\/\/feuerwehr-oedheim.de\/index.php\/notfallvorsorge\/","title":{"rendered":"Notfallvorsorge"},"content":{"rendered":"\n<figure class=\"wp-block-image size-full\"><img loading=\"lazy\" decoding=\"async\" width=\"728\" height=\"90\" src=\"https:\/\/feuerwehr-oedheim.de\/wp-content\/uploads\/2025\/11\/BBK_Kompakt_Webbanner_728x90.gif\" alt=\"\" class=\"wp-image-26518\"\/><\/figure>\n\n\n<div class=\"wp-block-image\">\n<figure class=\"alignright size-full\"><img loading=\"lazy\" decoding=\"async\" width=\"200\" height=\"200\" src=\"https:\/\/feuerwehr-oedheim.de\/wp-content\/uploads\/2025\/10\/bundesamt_fr_bevlerungsschutz_und_katastrophenhilfe_bbk_logo.jpg\" alt=\"\" class=\"wp-image-26290\" srcset=\"https:\/\/feuerwehr-oedheim.de\/wp-content\/uploads\/2025\/10\/bundesamt_fr_bevlerungsschutz_und_katastrophenhilfe_bbk_logo.jpg 200w, https:\/\/feuerwehr-oedheim.de\/wp-content\/uploads\/2025\/10\/bundesamt_fr_bevlerungsschutz_und_katastrophenhilfe_bbk_logo-150x150.jpg 150w, https:\/\/feuerwehr-oedheim.de\/wp-content\/uploads\/2025\/10\/bundesamt_fr_bevlerungsschutz_und_katastrophenhilfe_bbk_logo-160x160.jpg 160w, https:\/\/feuerwehr-oedheim.de\/wp-content\/uploads\/2025\/10\/bundesamt_fr_bevlerungsschutz_und_katastrophenhilfe_bbk_logo-45x45.jpg 45w\" sizes=\"(max-width: 200px) 100vw, 200px\" \/><\/figure><\/div>\n\n\n<p>Extreme Unwetterlagen, Hitzeperioden, langandauernde Stromausf\u00e4lle, Cyberangriff oder hybride Kriegsf\u00fchrungen sind nur einige Themenbereiche, welche sich erheblich auf die fl\u00e4chendeckenden Infrastrukturen und die Versorgung der Bev\u00f6lkerung auswirken k\u00f6nnen. All das sind Beispiele f\u00fcr Krisen, die auch <strong>Oedheim<\/strong> betreffen k\u00f6nnten. In solchen Situationen greift das staatliche Hilfeleistungssystem und unterst\u00fctzt die Betroffenen.<\/p>\n\n\n\n<hr class=\"wp-block-separator has-alpha-channel-opacity is-style-default\"\/>\n\n\n\n<p><strong>Doch auch in Oedheim gilt: <\/strong>Selbst die beste Hilfe kann nicht \u00fcberall gleichzeitig sein. Besonders bei gro\u00dffl\u00e4chigen Schadenslagen sind Rettungskr\u00e4fte oft \u00fcberlastet, und es kann dauern, bis Unterst\u00fctzung eintrifft.<\/p>\n\n\n\n<hr class=\"wp-block-separator has-alpha-channel-opacity is-style-default\"\/>\n\n\n\n<p>Wer gut vorbereitet ist, kann in dieser Zeit nicht nur sich selbst, sondern auch Angeh\u00f6rige, Nachbarn und Mitmenschen in der Gemeinde unterst\u00fctzen \u2013 und so aktiv zur Bew\u00e4ltigung von Notlagen beitragen. <strong>Vorsorge ist also kein Thema nur f\u00fcr andere \u2013 sie betrifft uns alle.<\/strong><\/p>\n\n\n\n<hr class=\"wp-block-separator has-alpha-channel-opacity is-style-default\"\/>\n\n\n\n<p>Helfen Sie mit, Krisensituationen in Oedheim gemeinschaftlich zu meistern. Sorgen Sie rechtzeitig vor! Unter dem Link des BBK finden Sie Anregungen und Empfehlungen, wie Sie Ihre pers\u00f6nliche Notfallvorsorge sinnvoll planen k\u00f6nnen <a href=\"https:\/\/www.bbk.bund.de\/DE\/Warnung-Vorsorge\/Vorsorge\/vorsorge_node.html\" data-type=\"link\" data-id=\"https:\/\/www.bbk.bund.de\/DE\/Warnung-Vorsorge\/Vorsorge\/vorsorge_node.html\" target=\"_blank\" rel=\"noreferrer noopener\">Vorsorgeinformationen BBK<\/a><\/p>\n\n\n\n<hr class=\"wp-block-separator has-alpha-channel-opacity is-style-wide\"\/>\n\n\n\n<h4 class=\"wp-block-heading\"><strong>Notfalltreffpunkte in Oedheim und Degmarn<\/strong><br><\/h4>\n\n\n<div class=\"wp-block-image\">\n<figure class=\"alignright size-full is-resized\"><img loading=\"lazy\" decoding=\"async\" width=\"600\" height=\"400\" src=\"https:\/\/feuerwehr-oedheim.de\/wp-content\/uploads\/2025\/11\/2894_9398_1_m.jpg\" alt=\"\" class=\"wp-image-26590\" style=\"width:250px\" srcset=\"https:\/\/feuerwehr-oedheim.de\/wp-content\/uploads\/2025\/11\/2894_9398_1_m.jpg 600w, https:\/\/feuerwehr-oedheim.de\/wp-content\/uploads\/2025\/11\/2894_9398_1_m-300x200.jpg 300w, https:\/\/feuerwehr-oedheim.de\/wp-content\/uploads\/2025\/11\/2894_9398_1_m-240x160.jpg 240w, https:\/\/feuerwehr-oedheim.de\/wp-content\/uploads\/2025\/11\/2894_9398_1_m-272x182.jpg 272w\" sizes=\"(max-width: 600px) 100vw, 600px\" \/><\/figure><\/div>\n\n\n<p><strong>Oedheim:<\/strong><\/p>\n\n\n\n<p>Rathaus Oedheim, Ratsstra\u00dfe 1<\/p>\n\n\n\n<p>Hallenbad, Uhlandstra\u00dfe 21<\/p>\n\n\n\n<hr class=\"wp-block-separator has-alpha-channel-opacity is-style-dots\"\/>\n\n\n\n<p><strong>Degmarn<\/strong><\/p>\n\n\n\n<p>Ehem. Schulhaus, Plattenstra\u00dfe 25<\/p>\n\n\n\n<p><\/p>\n\n\n\n<hr class=\"wp-block-separator has-alpha-channel-opacity\"\/>\n\n\n\n<figure class=\"wp-block-video\"><video controls src=\"https:\/\/feuerwehr-oedheim.de\/wp-content\/uploads\/2025\/11\/Medical-Emergency-Call-Instagram-Story.mp4\"><\/video><\/figure>\n\n\n\n<hr class=\"wp-block-separator has-alpha-channel-opacity is-style-default\"\/>\n\n\n\n<p><strong>Notfalltreffpunkte<\/strong><br>Bei den oben aufgef\u00fchrten Notfalltreffpunkten erhalten Sie n\u00fctzliche Informationen zur aktuellen Lage. Ebenso wird jeder Notfalltreffpunkt mit Personal f\u00fcr die Erste Hilfe besetzt und die M\u00f6glichkeit des Absetzens eines Notrufes gegeben sein.<\/p>\n\n\n\n<hr class=\"wp-block-separator has-alpha-channel-opacity is-style-default\"\/>\n\n\n\n<p><strong>Besetzung der Notfalltreffpunkte<\/strong><br>Die Besetzung der Notfalltreffpunkte werden \u00fcber amtliche Aush\u00e4nge an den Informationstafeln und Durchsagen \u00fcber Sirenen und der Feuerwehr bekanntgegeben.<\/p>\n\n\n\n<hr class=\"wp-block-separator has-alpha-channel-opacity is-style-wide\"\/>\n\n\n\n<h4 class=\"wp-block-heading\"><strong>Sirenensignale<\/strong><\/h4>\n\n\n<div class=\"wp-block-image\">\n<figure class=\"aligncenter size-full is-resized\"><img loading=\"lazy\" decoding=\"async\" width=\"1280\" height=\"1280\" src=\"https:\/\/feuerwehr-oedheim.de\/wp-content\/uploads\/2025\/10\/csm_Sirenensignale_5b029af440.jpg\" alt=\"\" class=\"wp-image-26308\" style=\"width:500px;height:auto\" srcset=\"https:\/\/feuerwehr-oedheim.de\/wp-content\/uploads\/2025\/10\/csm_Sirenensignale_5b029af440.jpg 1280w, https:\/\/feuerwehr-oedheim.de\/wp-content\/uploads\/2025\/10\/csm_Sirenensignale_5b029af440-300x300.jpg 300w, https:\/\/feuerwehr-oedheim.de\/wp-content\/uploads\/2025\/10\/csm_Sirenensignale_5b029af440-150x150.jpg 150w, https:\/\/feuerwehr-oedheim.de\/wp-content\/uploads\/2025\/10\/csm_Sirenensignale_5b029af440-768x768.jpg 768w, https:\/\/feuerwehr-oedheim.de\/wp-content\/uploads\/2025\/10\/csm_Sirenensignale_5b029af440-600x600.jpg 600w, https:\/\/feuerwehr-oedheim.de\/wp-content\/uploads\/2025\/10\/csm_Sirenensignale_5b029af440-160x160.jpg 160w, https:\/\/feuerwehr-oedheim.de\/wp-content\/uploads\/2025\/10\/csm_Sirenensignale_5b029af440-45x45.jpg 45w\" sizes=\"(max-width: 1280px) 100vw, 1280px\" \/><\/figure><\/div>\n\n\n<hr class=\"wp-block-separator has-alpha-channel-opacity\"\/>\n\n\n\n<figure class=\"wp-block-video\"><video controls src=\"https:\/\/feuerwehr-oedheim.de\/wp-content\/uploads\/2025\/11\/Sirenenalarme-App-Instagram-Story-1.mp4\"><\/video><\/figure>\n\n\n\n<hr class=\"wp-block-separator has-alpha-channel-opacity is-style-wide\"\/>\n\n\n\n<h4 class=\"wp-block-heading\"><strong>FAQ Notfallvorsorge<\/strong><\/h4>\n\n\n\n<p><\/p>\n\n\n\n<p><strong>Wo und wie erhalte ich Informationen dar\u00fcber was passiert ist? <\/strong><\/p>\n\n\n\n<div class=\"wp-block-group\"><div class=\"wp-block-group__inner-container is-layout-constrained wp-block-group-is-layout-constrained\">\n<p>Sie k\u00f6nnen sich \u00fcber Radioger\u00e4te informieren, nutzen Sie hierzu Auto-, Batterie- oder Kurbelradios.<\/p>\n\n\n\n<p>Sie k\u00f6nnen sich auch an den Notfalltreffpunkten zur aktuellen Situation informieren.<\/p>\n\n\n\n<p>Achten Sie auf Lautsprecherdurchsagen der Sirenensysteme oder der Feuerwehr.<\/p>\n\n\n\n<p><strong>Vermeiden<\/strong> Sie unn\u00f6tige Anrufe \u00fcber die 110 oder 112 um diese Leitungen freizuhalten!<\/p>\n\n\n\n<hr class=\"wp-block-separator has-alpha-channel-opacity is-style-default\"\/>\n<\/div><\/div>\n\n\n\n<p><strong>Wie erhalte ich bei einem Notfall oder Brand professionelle Hilfe? <\/strong><\/p>\n\n\n\n<p>Begeben Sie sich unmittelbar zu einem Notfalltreffpunkt und setzen Sie dort unter Ber\u00fccksichtigung der bekannten W-Fragen den Notruf pers\u00f6nlich ab.<\/p>\n\n\n\n<ul>\n<li>Wo ist etwas passiert?<\/li>\n\n\n\n<li>Was ist dort passiert?<\/li>\n\n\n\n<li>Welche Art von Feuer oder Verletzungen sind es?<\/li>\n\n\n\n<li>Wie viele Personen sind verletzt oder gef\u00e4hrdet?<\/li>\n\n\n\n<li>Warten Sie auf Anweisungen und R\u00fcckfragen der Notfallposten!<\/li>\n<\/ul>\n\n\n\n<p>Bitten Sie zus\u00e4tzlich Nachbarn um Hilfe! Weisen Sie die Rettungskr\u00e4fte vor Ort ein!<\/p>\n\n\n\n<hr class=\"wp-block-separator has-alpha-channel-opacity\"\/>\n\n\n\n<p><strong>Habe ich bei einem Stromausfall noch Wasser und Heizung? <\/strong><\/p>\n\n\n\n<p>Die Heizungen werden bei einem fl\u00e4chendeckenden Stromausfall nicht mehr funktionieren, nutzen Sie daher viel warme Kleidung und Decken. Bei Kamin- oder anderen \u00d6fen denken Sie bitte an regelm\u00e4\u00dfiges L\u00fcften der Wohnr\u00e4ume. Nutzen Sie niemals einen Holzkohle- oder Gasgrill in geschlossenen R\u00e4umen.<\/p>\n\n\n\n<p>Die Wasserversorgung ist f\u00fcr einen gewissen Zeitraum \u00fcber Notstromgeneratoren und Notreserven sichergestellt. Achten Sie aber jederzeit auf Radio- und Lautsprechdurchsagen! Seien Sie beim Wasserverbrauch sparsam!<\/p>\n\n\n\n<hr class=\"wp-block-separator has-alpha-channel-opacity\"\/>\n\n\n\n<p><strong>Was passiert bei einem Stromausfall? <\/strong><\/p>\n\n\n\n<p>Bei einem <strong>Stromausfall<\/strong> (also wenn die Stromversorgung pl\u00f6tzlich unterbrochen wird), h\u00e4ngt es stark davon ab, <strong>wo<\/strong> und <strong>wie lange<\/strong> der Ausfall dauert. Grunds\u00e4tzlich gilt: Alles, was auf elektrische Energie angewiesen ist, <strong>funktioniert nicht mehr<\/strong>. Hier ist eine grobe \u00dcbersicht was passiert wenn der Strom ausf\u00e4llt:<\/p>\n\n\n\n<ul>\n<li><strong>Lichtquellen<\/strong> (Lampen, Deckenleuchten usw.)<\/li>\n\n\n\n<li><strong>Elektroger\u00e4te<\/strong> (Fernseher, Computer, K\u00fchlschrank, Herd, Mikrowelle, Waschmaschine)<\/li>\n\n\n\n<li><strong>Klimaanlage und Ventilatoren<\/strong><\/li>\n\n\n\n<li><strong>WLAN-Router und Internetverbindung<\/strong><\/li>\n\n\n\n<li><strong>Telefon <\/strong>(Festnetz, wenn \u00fcber Router l\u00e4uft)<\/li>\n\n\n\n<li><strong>Ladeger\u00e4te<\/strong> (Handys, Laptops etc. k\u00f6nnen nicht mehr geladen werden)<\/li>\n<\/ul>\n\n\n\n<h5 class=\"wp-block-heading\"><\/h5>\n\n\n\n<ul>\n<li><strong>Aufz\u00fcge<\/strong> bleiben stehen (Personen k\u00f6nnen von der Feuerwehr befreit werden)<\/li>\n\n\n\n<li><strong>Automatische T\u00fcren<\/strong> und <strong>Rolltreppen<\/strong> bleiben stehen<\/li>\n\n\n\n<li><strong>Notbeleuchtung<\/strong> schaltet sich ein (\u00fcber Batterien oder Notstromversorgung)<\/li>\n\n\n\n<li><strong>Sicherheitsanlagen<\/strong> (z.B. Alarmanlagen) oft eigene Batterien, funktionieren nur begrenzte Zeit<\/li>\n<\/ul>\n\n\n\n<h5 class=\"wp-block-heading\"><\/h5>\n\n\n\n<ul>\n<li><strong>Stra\u00dfenbeleuchtung<\/strong> f\u00e4llt aus<\/li>\n\n\n\n<li><strong>Ampeln<\/strong> gehen aus \u2192 Verkehrschaos m\u00f6glich<\/li>\n\n\n\n<li><strong>Zugverkehr<\/strong> und <strong>U-Bahnen<\/strong> k\u00f6nnen stillstehen<\/li>\n\n\n\n<li><strong>Tankstellen<\/strong> k\u00f6nnen kein Benzin abgeben (Pumpen elektrisch)<\/li>\n\n\n\n<li><strong>Superm\u00e4rkte, Banken, Geldautomaten<\/strong>: kein Betrieb ohne Notstrom<\/li>\n\n\n\n<li><strong>Mobilfunknetze<\/strong>: laufen kurze Zeit \u00fcber Notstrom, fallen bei l\u00e4ngerem Ausfall auch aus<\/li>\n<\/ul>\n\n\n\n<h5 class=\"wp-block-heading\"><\/h5>\n\n\n\n<hr class=\"wp-block-separator has-alpha-channel-opacity\"\/>\n\n\n\n<h5 class=\"wp-block-heading\"><\/h5>\n\n\n\n<p><strong>Was sollte ich im Haushalt vorhalten? <\/strong><\/p>\n\n\n\n<p>Schauen Sie auf der Checkliste des BBK nach: <a href=\"https:\/\/www.bbk.bund.de\/SharedDocs\/Downloads\/DE\/Mediathek\/Publikationen\/Buergerinformationen\/Ratgeber\/ratgeber-notfallvosorge-checkliste.pdf?__blob=publicationFile&amp;v=10\" target=\"_blank\" rel=\"noreferrer noopener\">Checkliste Vorsorge<\/a><\/p>\n\n\n\n<hr class=\"wp-block-separator has-alpha-channel-opacity\"\/>\n\n\n\n<p><strong>Gibt es \u00dcbernachtungsm\u00f6glichkeiten an den Notfalltreffpunkten? <\/strong><\/p>\n\n\n\n<p>Bei Bedarf werden Notunterk\u00fcnfte mit medizinischer Betreuung in Hallen errichtet. Informationen hierzu erhalten Sie an den Notfalltreffpunkten.<\/p>\n\n\n\n<hr class=\"wp-block-separator has-alpha-channel-opacity\"\/>\n\n\n\n<p><strong>Kann ich in Notsituationen helfen? <\/strong><\/p>\n\n\n\n<p>Wenn Sie helfen m\u00f6chten, dann melden Sie sich bei einem Notfalltreffpunkt mit Angaben zur m\u00f6glichen Hilfestellung. Ihre Daten werden erfasst und man meldet sich bei Bedarf bei Ihnen.<\/p>\n\n\n\n<p>Helfen Sie bei Bedarf Ihren Familienangeh\u00f6rigen, Nachbarn, Freunden und Bekannten.<\/p>\n\n\n\n<hr class=\"wp-block-separator has-alpha-channel-opacity\"\/>\n\n\n\n<p><strong>Werden Bev\u00f6lkerungsschutz\u00fcbungen durchgef\u00fchrt?<\/strong><\/p>\n\n\n\n<p>Es werden einzelne Szenarien in kleinen Fachgruppen der Feuerwehr, der Gemeindeverwaltung und auf Stabsebenen regelm\u00e4\u00dfig fiktiv durchgespielt und Notfallpl\u00e4ne ausgearbeitet bzw. getestet. Gro\u00dfangelegte \u00dcbungen finden in unregelm\u00e4\u00dfigen Abst\u00e4nden in verschiedenen Orten im Landkreis statt. Am 22.11.2025 plant die Gemeindeverwaltung Oedheim zusammen mit der Feuerwehr eine gr\u00f6\u00dfere Bev\u00f6lkerungsschutz\u00fcbung in Oedheim und Degmarn. Bei dieser \u00dcbung wird in den \u00f6ffentlichen Geb\u00e4ude (Rathaus, Schulzentrum, Feuerwehr, Sport- und Turnhallen) der Strom abgestellt. Da die zuvor genannten Geb\u00e4ude auch gleichzeitig Teile der Notfalltreffpunkte sind, werden diese am \u00dcbungstag mit Notstrom eingespeist. Das \u00f6ffentliche Stromnetz f\u00fcr Gesch\u00e4fte und Privathaushalte wird <strong>nicht<\/strong> abgestellt. F\u00fcr die Bev\u00f6lkerung besteht kein Handlungsbedarf. Schwerpunkt und Ziel der \u00dcbung wird die Kommunikation zwischen den Notfalltreffpunkten, der Feuerwehr und der Gemeindeverwaltung sein.<\/p>\n\n\n\n<hr class=\"wp-block-separator has-alpha-channel-opacity\"\/>\n\n\n\n<p><strong>Bericht zur Stromausfall\u00fcbung am 22.11.2025<\/strong><\/p>\n\n\n\n<p>Am Samstag 22.11.2025 f\u00fchrte die Feuerwehr gemeinsam mit der Gemeindeverwaltung eine umfangreiche Bev\u00f6lkerungsschutz\u00fcbung zum Thema l\u00e4nger andauernder Stromausfall durch. Ziel dieser \u00dcbung war es, unsere Kommunikationswege, Einsatzabl\u00e4ufe und Ma\u00dfnahmen im Ernstfall zu testen sowie die vorgesehenen Notfalltreffpunkte in Betrieb zu nehmen.<\/p>\n\n\n\n<p>Zwischen 9 und 12 Uhr wurden verschiedene realistische Szenarien eingespielt. Alle \u00f6ffentlichen Geb\u00e4ude wurden gezielt vom Strom getrennt und anschlie\u00dfend \u00fcber Notstrom versorgt. Aus Sicht der Feuerwehr verlief der gesamte Ablauf reibungslos. Gleichzeitig konnten wichtige Erkenntnisse gewonnen werden, die nun f\u00fcr zuk\u00fcnftige Einsatzplanungen weiter ausgearbeitet und verbessert werden.<\/p>\n\n\n\n<p>Besonders beeindruckend war das gute Zusammenspiel aller Beteiligten: Die Mitarbeitenden der Gemeindeverwaltung besetzten das Rathaus, w\u00e4hrend die Gemeinder\u00e4te die Notfalltreffpunkte betreuten. Die HvO-Einheit und die DLRG standen f\u00fcr medizinische Notf\u00e4lle bereit, die Mitarbeitenden des Bauhofs bereiteten in den gemeindlichen Hallen Betten vor und die Pfadfinder sorgten zuverl\u00e4ssig f\u00fcr die Verpflegung der Einsatzkr\u00e4fte. Der Verwaltungsstab behielt trotz der Vielzahl an Szenarien jederzeit den \u00dcberblick.<\/p>\n\n\n\n<p>Nach \u00dcbungsende bedankten sich B\u00fcrgermeister Schmitt und Kommandant K\u00fcbler bei allen Beteiligten f\u00fcr die hervorragende Zusammenarbeit und die gro\u00dfe Einsatzbereitschaft. Besonders hervorzuheben ist, dass die Gemeinde Oedheim erst die zweite Kommune im Landkreis Heilbronn ist, die eine derart umfangreiche und realistische Gro\u00df\u00fcbung durchgef\u00fchrt hat.<\/p>\n\n\n\n<p>Ein besonderer Dank gilt dem Organisationsteam, das \u00fcber ein halbes Jahr hinweg die Abl\u00e4ufe und Szenarien erarbeitet hat, sowie den zahlreichen Statisten, die mit gro\u00dfem Engagement zur erfolgreichen Durchf\u00fchrung der \u00dcbung beigetragen haben.<\/p>\n\n\n\n<hr class=\"wp-block-separator has-alpha-channel-opacity\"\/>\n\n\n\n<figure class=\"wp-block-video\"><video controls src=\"https:\/\/feuerwehr-oedheim.de\/wp-content\/uploads\/2025\/11\/Nach-der-Uebung-Instagram-Story.mp4\"><\/video><\/figure>\n\n\n\n<h5 class=\"wp-block-heading\"><\/h5>\n\n\n\n<hr class=\"wp-block-separator has-alpha-channel-opacity\"\/>\n\n\n\n<figure class=\"wp-block-video\"><video controls src=\"https:\/\/multimedia.gsb.bund.de\/BBK\/Video\/Selbstschutz\/2025_BBK_Bevorratung_16zu9_lang.mp4\"><\/video><figcaption class=\"wp-element-caption\">Quelle: BBK <\/figcaption><\/figure>\n\n\n\n<hr class=\"wp-block-separator has-alpha-channel-opacity\"\/>\n\n\n\n<h2 class=\"wp-block-heading\"><\/h2>\n\n\n\n<figure class=\"wp-block-video\"><video controls src=\"https:\/\/multimedia.gsb.bund.de\/BBK\/Video\/Selbstschutz\/2025_BBK_ALARM_16zu9_lang35.mp4\"><\/video><figcaption class=\"wp-element-caption\">Quelle: BBK <\/figcaption><\/figure>\n\n\n\n<hr class=\"wp-block-separator has-alpha-channel-opacity is-style-wide\"\/>\n\n\n\n<p>Informieren Sie sich auch auf der <a href=\"https:\/\/www.oedheim.de\/bevoelkerungsschutz\/notfalltreffpunkte\" data-type=\"link\" data-id=\"https:\/\/www.oedheim.de\/bevoelkerungsschutz\/notfalltreffpunkte\">Homepage der Gemeinde Oedheim<\/a><\/p>\n\n\n\n<hr class=\"wp-block-separator has-alpha-channel-opacity is-style-wide\"\/>\n\n\n\n<p><em><sub>Quellenangaben: BBK \/ YouTube \/ Fachempfehlungen \/ Gemeinde Oedheim<\/sub><\/em><\/p>\n\n\n\n<figure class=\"wp-block-image size-full\"><a href=\"https:\/\/www.bbk.bund.de\/DE\/Warnung-Vorsorge\/Vorsorge\/vorsorge_node.html\"><img loading=\"lazy\" decoding=\"async\" width=\"728\" height=\"90\" src=\"https:\/\/feuerwehr-oedheim.de\/wp-content\/uploads\/2025\/11\/BBK_Kompakt_Webbanner_728x90.gif\" alt=\"\" class=\"wp-image-26518\"\/><\/a><\/figure>\n","protected":false},"excerpt":{"rendered":"<p>Extreme Unwetterlagen, Hitzeperioden, langandauernde Stromausf\u00e4lle, Cyberangriff oder hybride Kriegsf\u00fchrungen sind nur einige Themenbereiche, welche sich erheblich auf die fl\u00e4chendeckenden Infrastrukturen und die Versorgung der Bev\u00f6lkerung auswirken k\u00f6nnen. All das sind <a class=\"more-link\" href=\"https:\/\/feuerwehr-oedheim.de\/index.php\/notfallvorsorge\/\">weiterlesen \u2192<\/a><\/p>\n","protected":false},"author":1,"featured_media":0,"parent":0,"menu_order":0,"comment_status":"closed","ping_status":"closed","template":"","meta":{"footnotes":"[]"},"_links":{"self":[{"href":"https:\/\/feuerwehr-oedheim.de\/index.php\/wp-json\/wp\/v2\/pages\/26287"}],"collection":[{"href":"https:\/\/feuerwehr-oedheim.de\/index.php\/wp-json\/wp\/v2\/pages"}],"about":[{"href":"https:\/\/feuerwehr-oedheim.de\/index.php\/wp-json\/wp\/v2\/types\/page"}],"author":[{"embeddable":true,"href":"https:\/\/feuerwehr-oedheim.de\/index.php\/wp-json\/wp\/v2\/users\/1"}],"replies":[{"embeddable":true,"href":"https:\/\/feuerwehr-oedheim.de\/index.php\/wp-json\/wp\/v2\/comments?post=26287"}],"version-history":[{"count":102,"href":"https:\/\/feuerwehr-oedheim.de\/index.php\/wp-json\/wp\/v2\/pages\/26287\/revisions"}],"predecessor-version":[{"id":26592,"href":"https:\/\/feuerwehr-oedheim.de\/index.php\/wp-json\/wp\/v2\/pages\/26287\/revisions\/26592"}],"wp:attachment":[{"href":"https:\/\/feuerwehr-oedheim.de\/index.php\/wp-json\/wp\/v2\/media?parent=26287"}],"curies":[{"name":"wp","href":"https:\/\/api.w.org\/{rel}","templated":true}]}}