{"id":29,"date":"2017-10-26T08:20:49","date_gmt":"2017-10-26T08:20:49","guid":{"rendered":"http:\/\/feuerwehr-oedheim.de\/Wordpress\/?page_id=29"},"modified":"2018-02-20T09:31:34","modified_gmt":"2018-02-20T08:31:34","slug":"feuerwehrhaus","status":"publish","type":"page","link":"https:\/\/feuerwehr-oedheim.de\/index.php\/fahrzeuge\/feuerwehrhaus\/","title":{"rendered":"Feuerwehrhaus"},"content":{"rendered":"<div id=\"pl-29\"  class=\"panel-layout\" ><div id=\"pg-29-0\"  class=\"panel-grid panel-no-style\" ><div id=\"pgc-29-0-0\"  class=\"panel-grid-cell\" ><div id=\"panel-29-0-0-0\" class=\"so-panel widget widget_sow-image panel-first-child panel-last-child\" data-index=\"0\" ><div\n\t\t\t\n\t\t\tclass=\"so-widget-sow-image so-widget-sow-image-default-6ec9e3772f75-29\"\n\t\t\t\n\t\t>\n<div class=\"sow-image-container\">\n\t\t<img \n\tsrc=\"https:\/\/feuerwehr-oedheim.de\/wp-content\/uploads\/2018\/02\/FFWHAUS.jpg\" width=\"1030\" height=\"773\" srcset=\"https:\/\/feuerwehr-oedheim.de\/wp-content\/uploads\/2018\/02\/FFWHAUS.jpg 1030w, https:\/\/feuerwehr-oedheim.de\/wp-content\/uploads\/2018\/02\/FFWHAUS-300x225.jpg 300w, https:\/\/feuerwehr-oedheim.de\/wp-content\/uploads\/2018\/02\/FFWHAUS-768x576.jpg 768w, https:\/\/feuerwehr-oedheim.de\/wp-content\/uploads\/2018\/02\/FFWHAUS-1024x768.jpg 1024w, https:\/\/feuerwehr-oedheim.de\/wp-content\/uploads\/2018\/02\/FFWHAUS-600x450.jpg 600w, https:\/\/feuerwehr-oedheim.de\/wp-content\/uploads\/2018\/02\/FFWHAUS-213x160.jpg 213w\" sizes=\"(max-width: 1030px) 100vw, 1030px\" alt=\"\" \t\tclass=\"so-widget-image\"\/>\n\t<\/div>\n\n<\/div><\/div><\/div><\/div><div id=\"pg-29-1\"  class=\"panel-grid panel-no-style\" ><div id=\"pgc-29-1-0\"  class=\"panel-grid-cell\" ><div id=\"panel-29-1-0-0\" class=\"so-panel widget widget_sow-editor panel-first-child\" data-index=\"1\" ><div\n\t\t\t\n\t\t\tclass=\"so-widget-sow-editor so-widget-sow-editor-base\"\n\t\t\t\n\t\t><h3 class=\"widget-title\">Umbau 2016-2017<\/h3>\n<div class=\"siteorigin-widget-tinymce textwidget\">\n\t<p style=\"text-align: left;\">Das Feuerwehrhaus in der Brunnenstra\u00dfe wurde 1999 in Betrieb genommen. Der ehemaligen Bauhof wurde hierzu Um- und Angebaut damit das Feuerwehrhaus in der Neuenst\u00e4dterstra\u00dfe aufgrund von Platzmangel ersetzt werden kann.<\/p>\n<p>Im Jahre 2017 fusionierten die beiden Einsatzabteilungen aus Oedheim und Degmarn und zogen in das erweitere Feuerwehrhaus in Oedheim ein. Das Feuerwehrhaus wurde aufgrund des Platzbedarfes erweitert. Im Zuge des Umbaus wurden R\u00e4umlichkeiten zur Aus- und Fortbildung geschaffen, die Umkleiden vergr\u00f6\u00dfert, die Fahrzeug und Ger\u00e4tehalle auf den notwendigen Platzbedarf erweitert, sowie die Einsatzrelaventen Bereiche auf den Stand der Technik ert\u00fcchtigt.<\/p>\n<\/div>\n<\/div><\/div><div id=\"panel-29-1-0-1\" class=\"so-panel widget widget_metaslider_widget panel-last-child\" data-index=\"2\" ><div id=\"metaslider-id-1794\" style=\"max-width: 800px;\" class=\"ml-slider-3-107-0 metaslider metaslider-nivo metaslider-1794 ml-slider ml-slider-lightbox-2-22-0 firelight-lightbox-2-3-19 ms-theme-default\" role=\"region\" aria-label=\"Feuerwehrhaus\" data-height=\"600\" data-width=\"800\">\n    <div id=\"metaslider_container_1794\">\n        <div class='slider-wrapper theme-default'><div class='ribbon'><\/div><div id='metaslider_1794' class='nivoSlider'><a href=\"https:\/\/feuerwehr-oedheim.de\/wp-content\/uploads\/2017\/11\/Umbau_2016-2.jpg\" data-src=\"https:\/\/feuerwehr-oedheim.de\/wp-content\/uploads\/2017\/11\/Umbau_2016-2.jpg\" data-thumb=\"https:\/\/feuerwehr-oedheim.de\/wp-content\/uploads\/2017\/11\/Umbau_2016-2-800x600.jpg\" class=\"ml-lightbox-enabled\"><img loading=\"lazy\" decoding=\"async\" src=\"https:\/\/feuerwehr-oedheim.de\/wp-content\/uploads\/2017\/11\/Umbau_2016-2-800x600.jpg\" height=\"600\" width=\"800\" alt=\"\" class=\"slider-1794 slide-1803 msDefaultImage\" \/><\/a><a href=\"https:\/\/feuerwehr-oedheim.de\/wp-content\/uploads\/2017\/11\/Umbau_2016-10.jpg\" data-src=\"https:\/\/feuerwehr-oedheim.de\/wp-content\/uploads\/2017\/11\/Umbau_2016-10.jpg\" data-thumb=\"https:\/\/feuerwehr-oedheim.de\/wp-content\/uploads\/2017\/11\/Umbau_2016-10-800x600.jpg\" class=\"ml-lightbox-enabled\"><img loading=\"lazy\" decoding=\"async\" src=\"https:\/\/feuerwehr-oedheim.de\/wp-content\/uploads\/2017\/11\/Umbau_2016-10-800x600.jpg\" height=\"600\" width=\"800\" alt=\"\" class=\"slider-1794 slide-1795 msDefaultImage\" \/><\/a><a href=\"https:\/\/feuerwehr-oedheim.de\/wp-content\/uploads\/2017\/11\/Umbau_2016-9.jpg\" data-src=\"https:\/\/feuerwehr-oedheim.de\/wp-content\/uploads\/2017\/11\/Umbau_2016-9.jpg\" data-thumb=\"https:\/\/feuerwehr-oedheim.de\/wp-content\/uploads\/2017\/11\/Umbau_2016-9-800x600.jpg\" class=\"ml-lightbox-enabled\"><img loading=\"lazy\" decoding=\"async\" src=\"https:\/\/feuerwehr-oedheim.de\/wp-content\/uploads\/2017\/11\/Umbau_2016-9-800x600.jpg\" height=\"600\" width=\"800\" alt=\"\" class=\"slider-1794 slide-1796 msDefaultImage\" \/><\/a><a href=\"https:\/\/feuerwehr-oedheim.de\/wp-content\/uploads\/2017\/11\/Umbau_2016-7.jpg\" data-src=\"https:\/\/feuerwehr-oedheim.de\/wp-content\/uploads\/2017\/11\/Umbau_2016-7.jpg\" data-thumb=\"https:\/\/feuerwehr-oedheim.de\/wp-content\/uploads\/2017\/11\/Umbau_2016-7-800x600.jpg\" class=\"ml-lightbox-enabled\"><img loading=\"lazy\" decoding=\"async\" src=\"https:\/\/feuerwehr-oedheim.de\/wp-content\/uploads\/2017\/11\/Umbau_2016-7-800x600.jpg\" height=\"600\" width=\"800\" alt=\"\" class=\"slider-1794 slide-1797 msDefaultImage\" \/><\/a><a href=\"https:\/\/feuerwehr-oedheim.de\/wp-content\/uploads\/2017\/11\/Umbau_2016-8.jpg\" data-src=\"https:\/\/feuerwehr-oedheim.de\/wp-content\/uploads\/2017\/11\/Umbau_2016-8.jpg\" data-thumb=\"https:\/\/feuerwehr-oedheim.de\/wp-content\/uploads\/2017\/11\/Umbau_2016-8-800x600.jpg\" class=\"ml-lightbox-enabled\"><img loading=\"lazy\" decoding=\"async\" src=\"https:\/\/feuerwehr-oedheim.de\/wp-content\/uploads\/2017\/11\/Umbau_2016-8-800x600.jpg\" height=\"600\" width=\"800\" alt=\"\" class=\"slider-1794 slide-1798 msDefaultImage\" \/><\/a><a href=\"https:\/\/feuerwehr-oedheim.de\/wp-content\/uploads\/2017\/11\/Umbau_2016-6.jpg\" data-src=\"https:\/\/feuerwehr-oedheim.de\/wp-content\/uploads\/2017\/11\/Umbau_2016-6.jpg\" data-thumb=\"https:\/\/feuerwehr-oedheim.de\/wp-content\/uploads\/2017\/11\/Umbau_2016-6-800x600.jpg\" class=\"ml-lightbox-enabled\"><img loading=\"lazy\" decoding=\"async\" src=\"https:\/\/feuerwehr-oedheim.de\/wp-content\/uploads\/2017\/11\/Umbau_2016-6-800x600.jpg\" height=\"600\" width=\"800\" alt=\"\" class=\"slider-1794 slide-1799 msDefaultImage\" \/><\/a><a href=\"https:\/\/feuerwehr-oedheim.de\/wp-content\/uploads\/2017\/11\/Umbau_2016-5.jpg\" data-src=\"https:\/\/feuerwehr-oedheim.de\/wp-content\/uploads\/2017\/11\/Umbau_2016-5.jpg\" data-thumb=\"https:\/\/feuerwehr-oedheim.de\/wp-content\/uploads\/2017\/11\/Umbau_2016-5-800x600.jpg\" class=\"ml-lightbox-enabled\"><img loading=\"lazy\" decoding=\"async\" src=\"https:\/\/feuerwehr-oedheim.de\/wp-content\/uploads\/2017\/11\/Umbau_2016-5-800x600.jpg\" height=\"600\" width=\"800\" alt=\"\" class=\"slider-1794 slide-1800 msDefaultImage\" \/><\/a><a href=\"https:\/\/feuerwehr-oedheim.de\/wp-content\/uploads\/2017\/11\/Umbau_2016-4.jpg\" data-src=\"https:\/\/feuerwehr-oedheim.de\/wp-content\/uploads\/2017\/11\/Umbau_2016-4.jpg\" data-thumb=\"https:\/\/feuerwehr-oedheim.de\/wp-content\/uploads\/2017\/11\/Umbau_2016-4-800x600.jpg\" class=\"ml-lightbox-enabled\"><img loading=\"lazy\" decoding=\"async\" src=\"https:\/\/feuerwehr-oedheim.de\/wp-content\/uploads\/2017\/11\/Umbau_2016-4-800x600.jpg\" height=\"600\" width=\"800\" alt=\"\" class=\"slider-1794 slide-1801 msDefaultImage\" \/><\/a><a href=\"https:\/\/feuerwehr-oedheim.de\/wp-content\/uploads\/2017\/11\/Umbau_2016-1.jpg\" data-src=\"https:\/\/feuerwehr-oedheim.de\/wp-content\/uploads\/2017\/11\/Umbau_2016-1.jpg\" data-thumb=\"https:\/\/feuerwehr-oedheim.de\/wp-content\/uploads\/2017\/11\/Umbau_2016-1-800x600.jpg\" class=\"ml-lightbox-enabled\"><img loading=\"lazy\" decoding=\"async\" src=\"https:\/\/feuerwehr-oedheim.de\/wp-content\/uploads\/2017\/11\/Umbau_2016-1-800x600.jpg\" height=\"600\" width=\"800\" alt=\"\" class=\"slider-1794 slide-1802 msDefaultImage\" \/><\/a><a href=\"https:\/\/feuerwehr-oedheim.de\/wp-content\/uploads\/2017\/11\/Umbau_2016-3.jpg\" data-src=\"https:\/\/feuerwehr-oedheim.de\/wp-content\/uploads\/2017\/11\/Umbau_2016-3.jpg\" data-thumb=\"https:\/\/feuerwehr-oedheim.de\/wp-content\/uploads\/2017\/11\/Umbau_2016-3-800x600.jpg\" class=\"ml-lightbox-enabled\"><img loading=\"lazy\" decoding=\"async\" src=\"https:\/\/feuerwehr-oedheim.de\/wp-content\/uploads\/2017\/11\/Umbau_2016-3-800x600.jpg\" height=\"600\" width=\"800\" alt=\"\" class=\"slider-1794 slide-1804 msDefaultImage\" \/><\/a><\/div><\/div>\n        \n    <\/div>\n<\/div><\/div><\/div><\/div><\/div>","protected":false},"excerpt":{"rendered":"<p>Das Feuerwehrhaus in der Brunnenstra\u00dfe wurde 1999 in Betrieb genommen. Der ehemaligen Bauhof wurde hierzu Um- und Angebaut damit das Feuerwehrhaus in der Neuenst\u00e4dterstra\u00dfe aufgrund von Platzmangel ersetzt werden kann. <a class=\"more-link\" href=\"https:\/\/feuerwehr-oedheim.de\/index.php\/fahrzeuge\/feuerwehrhaus\/\">weiterlesen \u2192<\/a><\/p>\n","protected":false},"author":1,"featured_media":0,"parent":19,"menu_order":0,"comment_status":"closed","ping_status":"closed","template":"","meta":{"footnotes":""},"_links":{"self":[{"href":"https:\/\/feuerwehr-oedheim.de\/index.php\/wp-json\/wp\/v2\/pages\/29"}],"collection":[{"href":"https:\/\/feuerwehr-oedheim.de\/index.php\/wp-json\/wp\/v2\/pages"}],"about":[{"href":"https:\/\/feuerwehr-oedheim.de\/index.php\/wp-json\/wp\/v2\/types\/page"}],"author":[{"embeddable":true,"href":"https:\/\/feuerwehr-oedheim.de\/index.php\/wp-json\/wp\/v2\/users\/1"}],"replies":[{"embeddable":true,"href":"https:\/\/feuerwehr-oedheim.de\/index.php\/wp-json\/wp\/v2\/comments?post=29"}],"version-history":[{"count":36,"href":"https:\/\/feuerwehr-oedheim.de\/index.php\/wp-json\/wp\/v2\/pages\/29\/revisions"}],"predecessor-version":[{"id":1834,"href":"https:\/\/feuerwehr-oedheim.de\/index.php\/wp-json\/wp\/v2\/pages\/29\/revisions\/1834"}],"up":[{"embeddable":true,"href":"https:\/\/feuerwehr-oedheim.de\/index.php\/wp-json\/wp\/v2\/pages\/19"}],"wp:attachment":[{"href":"https:\/\/feuerwehr-oedheim.de\/index.php\/wp-json\/wp\/v2\/media?parent=29"}],"curies":[{"name":"wp","href":"https:\/\/api.w.org\/{rel}","templated":true}]}}