{"id":81,"date":"2017-10-26T14:11:20","date_gmt":"2017-10-26T14:11:20","guid":{"rendered":"http:\/\/feuerwehr-oedheim.de\/Wordpress\/?page_id=81"},"modified":"2026-02-18T17:29:53","modified_gmt":"2026-02-18T15:29:53","slug":"start","status":"publish","type":"page","link":"https:\/\/feuerwehr-oedheim.de\/","title":{"rendered":"Herzlich Willkommen"},"content":{"rendered":"<div id=\"pl-81\"  class=\"panel-layout\" ><div id=\"pg-81-0\"  class=\"panel-grid panel-has-style\" ><div class=\"siteorigin-panels-stretch panel-row-style panel-row-style-for-81-0\" data-stretch-type=\"full\" ><div id=\"pgc-81-0-0\"  class=\"panel-grid-cell panel-grid-cell-empty\" ><\/div><\/div><\/div><div id=\"pg-81-1\"  class=\"panel-grid panel-has-style\" ><div class=\"siteorigin-panels-stretch panel-row-style panel-row-style-for-81-1\" data-stretch-type=\"full\" ><div id=\"pgc-81-1-0\"  class=\"panel-grid-cell\" ><div id=\"panel-81-1-0-0\" class=\"so-panel widget widget_media_video panel-first-child\" data-index=\"0\" ><div style=\"width:100%;\" class=\"wp-video\"><!--[if lt IE 9]><script>document.createElement('video');<\/script><![endif]-->\n<video class=\"wp-video-shortcode\" id=\"video-81-1\" preload=\"auto\" controls=\"controls\"><source type=\"video\/mp4\" src=\"https:\/\/feuerwehr-oedheim.de\/wp-content\/uploads\/2025\/11\/Freiwillige-feuerwehr-oedheim-1.mp4?_=1\" \/><source type=\"video\/mp4\" src=\"https:\/\/feuerwehr-oedheim.de\/wp-content\/uploads\/2025\/11\/Freiwillige-feuerwehr-oedheim-1.mp4?_=1\" \/><a href=\"https:\/\/feuerwehr-oedheim.de\/wp-content\/uploads\/2025\/11\/Freiwillige-feuerwehr-oedheim-1.mp4\">https:\/\/feuerwehr-oedheim.de\/wp-content\/uploads\/2025\/11\/Freiwillige-feuerwehr-oedheim-1.mp4<\/a><\/video><\/div><\/div><div id=\"panel-81-1-0-1\" class=\"so-panel widget widget_sow-editor\" data-index=\"1\" ><div\n\t\t\t\n\t\t\tclass=\"so-widget-sow-editor so-widget-sow-editor-base\"\n\t\t\t\n\t\t><h3 class=\"widget-title\">Vorsorge f\u00fcr den Notfall<\/h3>\n<div class=\"siteorigin-widget-tinymce textwidget\">\n\t<p data-start=\"877\" data-end=\"1147\">Wer gut vorbereitet ist, kann in Notf\u00e4llen nicht nur sich selbst, sondern auch Angeh\u00f6rige, Nachbarn und Mitmenschen in der Gemeinde unterst\u00fctzen \u2013 und so aktiv zur Bew\u00e4ltigung von Notlagen beitragen. Vorsorge ist also kein Thema nur f\u00fcr andere \u2013 sie betrifft uns alle.<\/p>\n<h1 data-start=\"877\" data-end=\"1147\"><\/h1>\n<div style=\"width: 640px;\" class=\"wp-video\"><video class=\"wp-video-shortcode\" id=\"video-81-2\" width=\"640\" height=\"360\" preload=\"metadata\" controls=\"controls\"><source type=\"video\/mp4\" src=\"https:\/\/multimedia.gsb.bund.de\/BBK\/Video\/Selbstschutz\/2025_BBK_Bevorratung_16zu9_lang.mp4?_=2\" \/><a href=\"https:\/\/multimedia.gsb.bund.de\/BBK\/Video\/Selbstschutz\/2025_BBK_Bevorratung_16zu9_lang.mp4\">https:\/\/multimedia.gsb.bund.de\/BBK\/Video\/Selbstschutz\/2025_BBK_Bevorratung_16zu9_lang.mp4<\/a><\/video><\/div>\n<h1 data-start=\"1149\" data-end=\"1361\"><\/h1>\n<p data-start=\"1149\" data-end=\"1361\">Helfen Sie mit, Krisensituationen in Oedheim gemeinschaftlich zu meistern. Sorgen Sie rechtzeitig vor!<\/p>\n<p data-start=\"1149\" data-end=\"1361\">Unter dem Link finden Sie Informationen und Empfehlungen, wie Sie sich vorbereiten k\u00f6nnen:<\/p>\n<h1 data-start=\"1149\" data-end=\"1361\"><\/h1>\n<p data-start=\"1149\" data-end=\"1361\"><strong><a href=\"https:\/\/feuerwehr-oedheim.de\/index.php\/notfallvorsorge\/\">Notfallvorsorge \u2013 Feuerwehr<\/a><\/strong><\/p>\n<\/div>\n<\/div><\/div><div id=\"panel-81-1-0-2\" class=\"widget_text so-panel widget widget_custom_html panel-last-child\" data-index=\"2\" ><div class=\"widget_text panel-widget-style panel-widget-style-for-81-1-0-2\" ><div class=\"textwidget custom-html-widget\"><div id=\"fb-root\"><\/div>\n<script async defer crossorigin=\"anonymous\" src=\"https:\/\/connect.facebook.net\/de_DE\/sdk.js#xfbml=1&version=v16.0\" nonce=\"ouRsdh9w\"><\/script>\n\n<div class=\"fb-page\" data-href=\"https:\/\/www.facebook.com\/profile.php?id=100079711073629\" data-tabs=\"timeline\" data-width=\"\" data-height=\"\" data-small-header=\"true\" data-adapt-container-width=\"true\" data-hide-cover=\"false\" data-show-facepile=\"false\"><blockquote cite=\"https:\/\/www.facebook.com\/profile.php?id=100079711073629\" class=\"fb-xfbml-parse-ignore\"><a href=\"https:\/\/www.facebook.com\/profile.php?id=100079711073629\">Feuerwehr Oedheim<\/a><\/blockquote><\/div><\/div><\/div><\/div><\/div><\/div><\/div><\/div>","protected":false},"excerpt":{"rendered":"<p>Wer gut vorbereitet ist, kann in Notf\u00e4llen nicht nur sich selbst, sondern auch Angeh\u00f6rige, Nachbarn und Mitmenschen in der Gemeinde unterst\u00fctzen \u2013 und so aktiv zur Bew\u00e4ltigung von Notlagen beitragen. <a class=\"more-link\" href=\"https:\/\/feuerwehr-oedheim.de\/\">weiterlesen \u2192<\/a><\/p>\n","protected":false},"author":1,"featured_media":0,"parent":0,"menu_order":0,"comment_status":"closed","ping_status":"closed","template":"","meta":{"footnotes":""},"_links":{"self":[{"href":"https:\/\/feuerwehr-oedheim.de\/index.php\/wp-json\/wp\/v2\/pages\/81"}],"collection":[{"href":"https:\/\/feuerwehr-oedheim.de\/index.php\/wp-json\/wp\/v2\/pages"}],"about":[{"href":"https:\/\/feuerwehr-oedheim.de\/index.php\/wp-json\/wp\/v2\/types\/page"}],"author":[{"embeddable":true,"href":"https:\/\/feuerwehr-oedheim.de\/index.php\/wp-json\/wp\/v2\/users\/1"}],"replies":[{"embeddable":true,"href":"https:\/\/feuerwehr-oedheim.de\/index.php\/wp-json\/wp\/v2\/comments?post=81"}],"version-history":[{"count":503,"href":"https:\/\/feuerwehr-oedheim.de\/index.php\/wp-json\/wp\/v2\/pages\/81\/revisions"}],"predecessor-version":[{"id":26935,"href":"https:\/\/feuerwehr-oedheim.de\/index.php\/wp-json\/wp\/v2\/pages\/81\/revisions\/26935"}],"wp:attachment":[{"href":"https:\/\/feuerwehr-oedheim.de\/index.php\/wp-json\/wp\/v2\/media?parent=81"}],"curies":[{"name":"wp","href":"https:\/\/api.w.org\/{rel}","templated":true}]}}